{"id":3057,"date":"2017-01-28T12:49:16","date_gmt":"2017-01-28T12:49:16","guid":{"rendered":"http:\/\/tr.erdalbora.com\/?page_id=3057"},"modified":"2022-04-19T23:29:34","modified_gmt":"2022-04-19T20:29:34","slug":"ana-sayfa","status":"publish","type":"page","link":"https:\/\/erdalbora.com\/tr\/","title":{"rendered":"Ana Sayfa"},"content":{"rendered":"<p>[et_pb_section fb_built=&#8221;1&#8243; custom_padding_last_edited=&#8221;on|desktop&#8221; disabled_on=&#8221;off|off|off&#8221; admin_label=&#8221;Section&#8221; _builder_version=&#8221;4.16&#8243; background_color=&#8221;#f7f7f7&#8243; custom_margin=&#8221;||0px||false|false&#8221; custom_padding_tablet=&#8221;50px|0|50px|0&#8243; custom_padding_phone=&#8221;&#8221; transparent_background=&#8221;off&#8221; padding_mobile=&#8221;off&#8221; make_fullwidth=&#8221;off&#8221; use_custom_width=&#8221;off&#8221; width_unit=&#8221;on&#8221; global_colors_info=&#8221;{}&#8221;][et_pb_row admin_label=&#8221;Row&#8221; _builder_version=&#8221;4.16&#8243; background_size=&#8221;initial&#8221; background_position=&#8221;top_left&#8221; background_repeat=&#8221;repeat&#8221; custom_margin=&#8221;||0px||false|false&#8221; global_colors_info=&#8221;{}&#8221;][et_pb_column type=&#8221;4_4&#8243; _builder_version=&#8221;4.16&#8243; custom_padding=&#8221;|||&#8221; global_colors_info=&#8221;{}&#8221; custom_padding__hover=&#8221;|||&#8221;][et_pb_text admin_label=&#8221;Text&#8221; _builder_version=&#8221;4.16&#8243; background_size=&#8221;initial&#8221; background_position=&#8221;top_left&#8221; background_repeat=&#8221;repeat&#8221; text_orientation=&#8221;center&#8221; module_alignment=&#8221;center&#8221; use_border_color=&#8221;off&#8221; border_color=&#8221;#ffffff&#8221; border_style=&#8221;solid&#8221; global_colors_info=&#8221;{}&#8221;]<\/p>\n<h1>Web Siteme Ho\u015fgeldiniz<\/h1>\n<p>[\/et_pb_text][et_pb_text admin_label=&#8221;Text&#8221; _builder_version=&#8221;4.16&#8243; text_font_size=&#8221;18&#8243; background_size=&#8221;initial&#8221; background_position=&#8221;top_left&#8221; background_repeat=&#8221;repeat&#8221; text_orientation=&#8221;center&#8221; module_alignment=&#8221;center&#8221; use_border_color=&#8221;off&#8221; border_color=&#8221;#ffffff&#8221; border_style=&#8221;solid&#8221; global_colors_info=&#8221;{}&#8221;]<\/p>\n<p>Bu sitenin amac\u0131 Sevgi payla\u015fmak ve ruhsal uyan\u0131\u015f\u0131m\u0131za hizmet etmektir. Bu ama\u00e7la burada i\u00e7erikler yay\u0131nl\u0131yor ve hizmetler sunuyorum. Faydalanman\u0131z\u0131 ve kalbinizin arzular\u0131n\u0131n yerine gelmesini i\u00e7tenlikle dilerim. Hay\u0131rl\u0131 olsun.\u00a0\u00a0<\/p>\n<p>[\/et_pb_text][et_pb_search placeholder=&#8221;\u0130lgilendi\u011finiz Ba\u015fl\u0131k\/Konularda Arama Yap\u0131n&#8221; disabled_on=&#8221;off|on|on&#8221; admin_label=&#8221;Search&#8221; _builder_version=&#8221;4.16&#8243; width=&#8221;100%&#8221; max_width=&#8221;100%&#8221; module_alignment=&#8221;center&#8221; custom_margin=&#8221;||||false|false&#8221; custom_padding=&#8221;0.7em|0em|0.7em|0em|false|false&#8221; locked=&#8221;off&#8221; global_colors_info=&#8221;{}&#8221;][\/et_pb_search][\/et_pb_column][\/et_pb_row][et_pb_row column_structure=&#8221;1_5,1_5,1_5,1_5,1_5&#8243; _builder_version=&#8221;4.16&#8243; global_colors_info=&#8221;{}&#8221;][et_pb_column type=&#8221;1_5&#8243; _builder_version=&#8221;4.16&#8243; global_colors_info=&#8221;{}&#8221;][et_pb_blurb title=&#8221;Yaz\u0131lar&#8221; url=&#8221;@ET-DC@eyJkeW5hbWljIjp0cnVlLCJjb250ZW50IjoicG9zdF9saW5rX3VybF9wYWdlIiwic2V0dGluZ3MiOnsicG9zdF9pZCI6IjMyNDAifX0=@&#8221; use_icon=&#8221;on&#8221; font_icon=&#8221;&#xe05a;||divi||400&#8243; icon_color=&#8221;#000000&#8243; image_icon_width=&#8221;45px&#8221; _builder_version=&#8221;4.16&#8243; _dynamic_attributes=&#8221;url&#8221; header_font=&#8221;|700|||||||&#8221; header_text_align=&#8221;center&#8221; header_font_size=&#8221;14px&#8221; use_border_color=&#8221;on&#8221; border_color=&#8221;#dddddd&#8221; icon_font_size=&#8221;45px&#8221; global_colors_info=&#8221;{}&#8221; content__hover_enabled=&#8221;on|hover&#8221; content__hover=&#8221;<\/p>\n<p style=%22text-align: center;%22>Bazen hayat hikayemin par\u00e7alar\u0131n\u0131 da i\u00e7eren ve i\u00e7g\u00f6r\u00fclerimi payla\u015ft\u0131\u011f\u0131m makale, blog yaz\u0131s\u0131 ve soru&#038;cevap t\u00fcr\u00fcnde yaz\u0131lara eri\u015fin.<\/p>\n<p>&#8220;]<\/p>\n<p style=\"text-align: center;\">Bazen hayat hikayemin par\u00e7alar\u0131n\u0131 da i\u00e7eren ve i\u00e7g\u00f6r\u00fclerimi payla\u015ft\u0131\u011f\u0131m makale, blog yaz\u0131s\u0131 ve soru&amp;cevap t\u00fcr\u00fcnde yaz\u0131lara eri\u015fin.<\/p>\n<p>[\/et_pb_blurb][\/et_pb_column][et_pb_column type=&#8221;1_5&#8243; _builder_version=&#8221;4.16&#8243; global_colors_info=&#8221;{}&#8221;][et_pb_blurb title=&#8221;Videolar&#8221; url=&#8221;@ET-DC@eyJkeW5hbWljIjp0cnVlLCJjb250ZW50IjoicG9zdF9saW5rX3VybF9wYWdlIiwic2V0dGluZ3MiOnsicG9zdF9pZCI6IjU4OTQxIn19@&#8221; use_icon=&#8221;on&#8221; font_icon=&#8221;&#xe0d1;||divi||400&#8243; icon_color=&#8221;#000000&#8243; image_icon_width=&#8221;45px&#8221; _builder_version=&#8221;4.16&#8243; _dynamic_attributes=&#8221;url&#8221; header_font=&#8221;|700|||||||&#8221; header_text_align=&#8221;center&#8221; header_font_size=&#8221;14px&#8221; use_border_color=&#8221;on&#8221; border_color=&#8221;#dddddd&#8221; icon_font_size=&#8221;45px&#8221; global_colors_info=&#8221;{}&#8221; content__hover_enabled=&#8221;on|hover&#8221; content__hover=&#8221;<\/p>\n<p style=%22text-align: center;%22>Video b\u00f6l\u00fcm\u00fcnde ruhsal uyan\u0131\u015f ve do\u011fayla uyumlu tar\u0131m ile ilgili videolara eri\u015febilirsiniz.<\/p>\n<p>&#8220;]<\/p>\n<p style=\"text-align: center;\">Video b\u00f6l\u00fcm\u00fcnde ruhsal uyan\u0131\u015f ve do\u011fayla uyumlu tar\u0131m ile ilgili videolara eri\u015febilirsiniz.<\/p>\n<p>[\/et_pb_blurb][\/et_pb_column][et_pb_column type=&#8221;1_5&#8243; _builder_version=&#8221;4.16&#8243; global_colors_info=&#8221;{}&#8221;][et_pb_blurb title=&#8221;Hizmetler&#8221; url=&#8221;@ET-DC@eyJkeW5hbWljIjp0cnVlLCJjb250ZW50IjoicG9zdF9saW5rX3VybF9wYWdlIiwic2V0dGluZ3MiOnsicG9zdF9pZCI6IjU4OTEzIn19@&#8221; use_icon=&#8221;on&#8221; font_icon=&#8221;&#xe08b;||divi||400&#8243; icon_color=&#8221;#000000&#8243; image_icon_width=&#8221;45px&#8221; admin_label=&#8221;Blurb&#8221; _builder_version=&#8221;4.16&#8243; _dynamic_attributes=&#8221;url&#8221; header_font=&#8221;|700|||||||&#8221; header_text_align=&#8221;center&#8221; header_font_size=&#8221;14px&#8221; use_border_color=&#8221;on&#8221; border_color=&#8221;#dddddd&#8221; icon_font_size=&#8221;45px&#8221; global_colors_info=&#8221;{}&#8221; title__hover_enabled=&#8221;on|hover&#8221; content__hover_enabled=&#8221;on|hover&#8221; content__hover=&#8221;<\/p>\n<p style=%22text-align: center;%22>Ki\u015fisel ya\u015fam dan\u0131\u015fmanl\u0131\u011f\u0131 hizmetime buradan ula\u015fabilirsiniz.<\/p>\n<p>&#8221; title__hover=&#8221;Hizmetler&#8221;]<\/p>\n<p style=\"text-align: center;\">Ki\u015fisel ya\u015fam dan\u0131\u015fmanl\u0131\u011f\u0131 hizmetime buradan ula\u015fabilirsiniz.<\/p>\n<p>[\/et_pb_blurb][\/et_pb_column][et_pb_column type=&#8221;1_5&#8243; _builder_version=&#8221;4.16&#8243; global_colors_info=&#8221;{}&#8221;][et_pb_blurb title=&#8221;M\u00fczik&#8221; url=&#8221;@ET-DC@eyJkeW5hbWljIjp0cnVlLCJjb250ZW50IjoicG9zdF9saW5rX3VybF9wYWdlIiwic2V0dGluZ3MiOnsicG9zdF9pZCI6IjU4OTA1In19@&#8221; use_icon=&#8221;on&#8221; font_icon=&#8221;&#xe08e;||divi||400&#8243; icon_color=&#8221;#000000&#8243; image_icon_width=&#8221;45px&#8221; _builder_version=&#8221;4.16&#8243; _dynamic_attributes=&#8221;url&#8221; header_font=&#8221;|700|||||||&#8221; header_text_align=&#8221;center&#8221; header_font_size=&#8221;14px&#8221; use_border_color=&#8221;on&#8221; border_color=&#8221;#dddddd&#8221; icon_font_size=&#8221;45px&#8221; global_colors_info=&#8221;{}&#8221; content__hover_enabled=&#8221;on|hover&#8221; content__hover=&#8221;<\/p>\n<p style=%22text-align: center;%22>Y\u0131llar i\u00e7erisinde k\u0131sa s\u00fcrelerde, kalp odakl\u0131, ruhsal geli\u015fim s\u0131ras\u0131nda i\u00e7imden gelenleri payla\u015fmak i\u00e7in yapt\u0131\u011f\u0131m amat\u00f6r m\u00fcziklere buradan ula\u015fabilirsiniz.<\/p>\n<p>&#8220;]<\/p>\n<p style=\"text-align: center;\">Y\u0131llar i\u00e7erisinde k\u0131sa s\u00fcrelerde, kalp odakl\u0131, ruhsal geli\u015fim s\u0131ras\u0131nda i\u00e7imden gelenleri payla\u015fmak i\u00e7in yapt\u0131\u011f\u0131m amat\u00f6r m\u00fcziklere buradan ula\u015fabilirsiniz.<\/p>\n<p>[\/et_pb_blurb][\/et_pb_column][et_pb_column type=&#8221;1_5&#8243; _builder_version=&#8221;4.16&#8243; global_colors_info=&#8221;{}&#8221;][et_pb_blurb title=&#8221;Faydal\u0131 Bulduklar\u0131m&#8221; url=&#8221;@ET-DC@eyJkeW5hbWljIjp0cnVlLCJjb250ZW50IjoicG9zdF9saW5rX3VybF9wYWdlIiwic2V0dGluZ3MiOnsicG9zdF9pZCI6IjU4OTA5In19@&#8221; use_icon=&#8221;on&#8221; font_icon=&#8221;&#xe0dd;||divi||400&#8243; icon_color=&#8221;#000000&#8243; image_icon_width=&#8221;45px&#8221; _builder_version=&#8221;4.16&#8243; _dynamic_attributes=&#8221;url&#8221; header_font=&#8221;|700|||||||&#8221; header_text_align=&#8221;center&#8221; header_font_size=&#8221;14px&#8221; use_border_color=&#8221;on&#8221; border_color=&#8221;#dddddd&#8221; icon_font_size=&#8221;45px&#8221; global_colors_info=&#8221;{}&#8221; content__hover_enabled=&#8221;on|hover&#8221; content__hover=&#8221;<\/p>\n<p style=%22text-align: center;%22>Geli\u015fim yolculu\u011fumda \u015fahsen faydaland\u0131\u011f\u0131m yaz\u0131lar, kitaplar, web siteleri, \u00fcr\u00fcnler, hizmetler ve di\u011fer i\u00e7erikler hakk\u0131nda bilgilere buradan ula\u015fabilirsiniz.<\/p>\n<p>&#8220;]<\/p>\n<p style=\"text-align: center;\">Geli\u015fim yolculu\u011fumda \u015fahsen faydaland\u0131\u011f\u0131m yaz\u0131lar, kitaplar, web siteleri, \u00fcr\u00fcnler, hizmetler ve di\u011fer i\u00e7erikler hakk\u0131nda bilgilere buradan ula\u015fabilirsiniz.<\/p>\n<p>[\/et_pb_blurb][\/et_pb_column][\/et_pb_row][et_pb_row _builder_version=&#8221;4.16&#8243; global_colors_info=&#8221;{}&#8221;][et_pb_column type=&#8221;4_4&#8243; _builder_version=&#8221;4.16&#8243; global_colors_info=&#8221;{}&#8221;][et_pb_search placeholder=&#8221;\u0130lgilendi\u011finiz Ba\u015fl\u0131k\/Konularda Arama Yap\u0131n&#8221; disabled_on=&#8221;on|off|off&#8221; admin_label=&#8221;Search&#8221; _builder_version=&#8221;4.16&#8243; width=&#8221;40%&#8221; max_width=&#8221;100%&#8221; module_alignment=&#8221;center&#8221; custom_margin=&#8221;||||false|false&#8221; custom_padding=&#8221;0.7em|0em|0.7em|0em|false|false&#8221; global_colors_info=&#8221;{}&#8221;][\/et_pb_search][\/et_pb_column][\/et_pb_row][\/et_pb_section][et_pb_section fb_built=&#8221;1&#8243; _builder_version=&#8221;4.16&#8243; background_color=&#8221;#f7f7f7&#8243; global_colors_info=&#8221;{}&#8221;][et_pb_row _builder_version=&#8221;4.16&#8243; custom_padding=&#8221;0px||||false|false&#8221; global_colors_info=&#8221;{}&#8221;][et_pb_column type=&#8221;4_4&#8243; _builder_version=&#8221;4.16&#8243; global_colors_info=&#8221;{}&#8221;][et_pb_text _builder_version=&#8221;4.17.0&#8243; hover_enabled=&#8221;0&#8243; locked=&#8221;off&#8221; global_colors_info=&#8221;{}&#8221; sticky_enabled=&#8221;0&#8243;]<\/p>\n<h2 style=\"text-align: center;\">Yeni Yaz\u0131lar\/Videolar<\/h2>\n<h2 style=\"text-align: center;\">(T\u00fcm\/En Son \u0130\u00e7erikleri \u0130\u00e7erecek \u015eekilde G\u00fcncellenme A\u015famas\u0131nda)<\/h2>\n<p>[\/et_pb_text][et_pb_blog fullwidth=&#8221;off&#8221; posts_number=&#8221;12&#8243; include_categories=&#8221;3,2,139,144,143&#8243; show_thumbnail=&#8221;off&#8221; show_author=&#8221;off&#8221; show_excerpt=&#8221;off&#8221; show_pagination=&#8221;off&#8221; module_class=&#8221;equal_blog_cells&#8221; _builder_version=&#8221;4.16&#8243; header_text_color=&#8221;#0c71c3&#8243; custom_css_main_element=&#8221;.et_pb_module .et_pb_post {||    position: relative;||}||.et_pb_module .et_pb_post .post-meta a {||    background: #08bb29!important;||    color: #fff!important;||    padding: 6px 10px;||    border-radius: 50px;||    position: absolute;||    top: 12px;||    left: 12px;||}&#8221; locked=&#8221;off&#8221; global_colors_info=&#8221;{}&#8221;][\/et_pb_blog][et_pb_text _builder_version=&#8221;4.16&#8243; _dynamic_attributes=&#8221;link_option_url&#8221; custom_margin=&#8221;0px||||false|false&#8221; custom_padding=&#8221;0px||||false|false&#8221; link_option_url=&#8221;@ET-DC@eyJkeW5hbWljIjp0cnVlLCJjb250ZW50IjoicG9zdF9saW5rX3VybF9wYWdlIiwic2V0dGluZ3MiOnsicG9zdF9pZCI6IjMyNDAifX0=@&#8221; global_colors_info=&#8221;{}&#8221;]<\/p>\n<p style=\"text-align: center;\"><a href=\"https:\/\/erdalbora.com\/tr\/yazilar\">Okumaya Devam Et<\/a><\/p>\n<p>[\/et_pb_text][\/et_pb_column][\/et_pb_row][\/et_pb_section]<\/p>\n","protected":false},"excerpt":{"rendered":"<p>Web Siteme Ho\u015fgeldinizBu sitenin amac\u0131 Sevgi payla\u015fmak ve ruhsal uyan\u0131\u015f\u0131m\u0131za hizmet etmektir. Bu ama\u00e7la burada i\u00e7erikler yay\u0131nl\u0131yor ve hizmetler sunuyorum. Faydalanman\u0131z\u0131 ve kalbinizin arzular\u0131n\u0131n yerine gelmesini i\u00e7tenlikle dilerim. Hay\u0131rl\u0131 olsun.\u00a0\u00a0Bazen hayat hikayemin par\u00e7alar\u0131n\u0131 da i\u00e7eren ve i\u00e7g\u00f6r\u00fclerimi payla\u015ft\u0131\u011f\u0131m makale, blog yaz\u0131s\u0131 ve soru&amp;cevap t\u00fcr\u00fcnde yaz\u0131lara eri\u015fin.Video b\u00f6l\u00fcm\u00fcnde ruhsal uyan\u0131\u015f ve do\u011fayla uyumlu tar\u0131m ile ilgili [&hellip;]<\/p>\n","protected":false},"author":1,"featured_media":0,"parent":0,"menu_order":0,"comment_status":"closed","ping_status":"closed","template":"","meta":{"_acf_changed":false,"_et_pb_use_builder":"on","_et_pb_old_content":"<p>[et_pb_section admin_label=\"Section\" fullwidth=\"off\" specialty=\"off\" transparent_background=\"off\" background_color=\"#f7f7f7\" allow_player_pause=\"off\" inner_shadow=\"off\" parallax=\"off\" parallax_method=\"off\" padding_mobile=\"off\" make_fullwidth=\"off\" use_custom_width=\"off\" width_unit=\"on\" make_equal=\"off\" use_custom_gutter=\"off\"][et_pb_row admin_label=\"Row\"][et_pb_column type=\"4_4\"][et_pb_text admin_label=\"Text\" background_layout=\"light\" text_orientation=\"center\" use_border_color=\"off\" border_color=\"#ffffff\" border_style=\"solid\"]<\/p><p>Ki\u015fisel Web Siteme Ho\u015fgeldiniz<\/p><p>[\/et_pb_text][et_pb_text admin_label=\"Text\" background_layout=\"light\" text_orientation=\"center\" use_border_color=\"off\" border_color=\"#ffffff\" border_style=\"solid\" text_font_size=\"18\"]<\/p><p>Bu sitenin amac\u0131 kendimi insanl\u0131kla payla\u015fmak ve geli\u015fimimize hizmet etmektir. Sitedeki i\u00e7eri\u011fi ve hizmetleri bu ama\u00e7la olu\u015fturmakta ve payla\u015fmaktay\u0131m. G\u00f6nl\u00fcn\u00fczce faydalanman\u0131z\u0131 ve ger\u00e7ekten istediklerinize eri\u015fmeniz i\u00e7in bir vesile olmas\u0131n\u0131\u00a0dilerim.<\/p><p>\u00a0<\/p><p>[\/et_pb_text][\/et_pb_column][\/et_pb_row][\/et_pb_section][et_pb_section admin_label=\"Section\" fullwidth=\"off\" specialty=\"off\"][et_pb_row admin_label=\"Row\"][et_pb_column type=\"4_4\"][et_pb_text admin_label=\"Text\" background_layout=\"light\" text_orientation=\"center\" use_border_color=\"off\" border_color=\"#ffffff\" border_style=\"solid\" text_font_size=\"18\"]<\/p><p style=\"text-align: left;\">Sitedeki b\u00f6l\u00fcmler a\u015fa\u011f\u0131dad\u0131r:<\/p><p style=\"text-align: left;\"><a href=\"http:\/\/en.erdalbora.com\/blog\/\"><strong>[button link=\"tr.erdalbora.com\/yazilar\" type=\"small\" newwindow=\"no\"]Yaz\u0131lar[\/button]<\/strong>\u00a0page that contains posts about my life journey and insights learned and distilled throughout my life in the form of articles.<\/a><\/p><p style=\"text-align: left;\"><a href=\"http:\/\/en.erdalbora.com\/services\/\"><strong>[button link=\"en.erdalbora.com\/services\" type=\"small\" newwindow=\"no\"]Services[\/button] <\/strong><\/a>provided by me, such as life coaching, translation and language lessons (between Turkish and English languages).<\/p><p style=\"text-align: left;\"><a href=\"http:\/\/en.erdalbora.com\/quality-external-content\/\"><strong>[button link=\"en.erdalbora.com\/quality-external-content\" type=\"small\" newwindow=\"no\"]External Content[\/button] <\/strong><\/a>that I see as being high quality in terms of their potential benefit to people in their journey of growth.<\/p><p style=\"text-align: left;\"><strong><a href=\"http:\/\/en.erdalbora.com\/music\/\">[button link=\"en.erdalbora.com\/music\" type=\"small\" newwindow=\"no\"]Music[\/button]<\/a><\/strong>created by me from the amateur level with the intention to evolve through brief but heart focused practice.<\/p><p><strong><br \/> <\/strong><\/p><p>\u00a0<\/p><p>[\/et_pb_text][\/et_pb_column][\/et_pb_row][\/et_pb_section]<\/p>","_et_gb_content_width":"","footnotes":""},"class_list":["post-3057","page","type-page","status-publish","hentry"],"acf":[],"jetpack-related-posts":[{"id":58927,"url":"https:\/\/erdalbora.com\/tr\/yazilar\/makaleler\/","url_meta":{"origin":3057,"position":0},"title":"Makaleler","author":"Erdal Bora","date":"25 Mart 2020","format":false,"excerpt":"","rel":"","context":"Benzer yaz\u0131","block_context":{"text":"Benzer yaz\u0131","link":""},"img":{"alt_text":"","src":"","width":0,"height":0},"classes":[]},{"id":58930,"url":"https:\/\/erdalbora.com\/tr\/yazilar\/blog-yazilari\/","url_meta":{"origin":3057,"position":1},"title":"Blog Yaz\u0131lar\u0131","author":"Erdal Bora","date":"25 Mart 2020","format":false,"excerpt":"","rel":"","context":"Benzer yaz\u0131","block_context":{"text":"Benzer yaz\u0131","link":""},"img":{"alt_text":"","src":"","width":0,"height":0},"classes":[]},{"id":58934,"url":"https:\/\/erdalbora.com\/tr\/yazilar\/sorucevap\/","url_meta":{"origin":3057,"position":2},"title":"Soru&#038;Cevap","author":"Erdal Bora","date":"25 Mart 2020","format":false,"excerpt":"","rel":"","context":"Benzer yaz\u0131","block_context":{"text":"Benzer yaz\u0131","link":""},"img":{"alt_text":"","src":"","width":0,"height":0},"classes":[]},{"id":3240,"url":"https:\/\/erdalbora.com\/tr\/yazilar\/","url_meta":{"origin":3057,"position":3},"title":"Yaz\u0131lar","author":"Erdal Bora","date":"11 \u015eubat 2017","format":false,"excerpt":"","rel":"","context":"Benzer yaz\u0131","block_context":{"text":"Benzer yaz\u0131","link":""},"img":{"alt_text":"","src":"https:\/\/i0.wp.com\/erdalbora.com\/tr\/wp-content\/uploads\/sites\/3\/2020\/03\/ebfavicon.png?resize=350%2C200&ssl=1","width":350,"height":200},"classes":[]}],"jetpack_sharing_enabled":true,"_links":{"self":[{"href":"https:\/\/erdalbora.com\/tr\/wp-json\/wp\/v2\/pages\/3057","targetHints":{"allow":["GET"]}}],"collection":[{"href":"https:\/\/erdalbora.com\/tr\/wp-json\/wp\/v2\/pages"}],"about":[{"href":"https:\/\/erdalbora.com\/tr\/wp-json\/wp\/v2\/types\/page"}],"author":[{"embeddable":true,"href":"https:\/\/erdalbora.com\/tr\/wp-json\/wp\/v2\/users\/1"}],"replies":[{"embeddable":true,"href":"https:\/\/erdalbora.com\/tr\/wp-json\/wp\/v2\/comments?post=3057"}],"version-history":[{"count":16,"href":"https:\/\/erdalbora.com\/tr\/wp-json\/wp\/v2\/pages\/3057\/revisions"}],"predecessor-version":[{"id":59668,"href":"https:\/\/erdalbora.com\/tr\/wp-json\/wp\/v2\/pages\/3057\/revisions\/59668"}],"wp:attachment":[{"href":"https:\/\/erdalbora.com\/tr\/wp-json\/wp\/v2\/media?parent=3057"}],"curies":[{"name":"wp","href":"https:\/\/api.w.org\/{rel}","templated":true}]}}