{"id":58905,"date":"2020-03-25T17:30:51","date_gmt":"2020-03-25T14:30:51","guid":{"rendered":"https:\/\/erdalbora.com\/tr\/?page_id=58905"},"modified":"2020-04-10T18:09:30","modified_gmt":"2020-04-10T15:09:30","slug":"muzik","status":"publish","type":"page","link":"https:\/\/erdalbora.com\/tr\/muzik\/","title":{"rendered":"M\u00fczik"},"content":{"rendered":"<p>[et_pb_section fb_built=&#8221;1&#8243; _builder_version=&#8221;4.0.6&#8243; background_color=&#8221;#f7f7f7&#8243; custom_padding=&#8221;||0px|&#8221; transparent_background=&#8221;off&#8221; make_fullwidth=&#8221;off&#8221; use_custom_width=&#8221;off&#8221; width_unit=&#8221;on&#8221;][et_pb_row _builder_version=&#8221;3.25&#8243; background_size=&#8221;initial&#8221; background_position=&#8221;top_left&#8221; background_repeat=&#8221;repeat&#8221; custom_padding=&#8221;||0px|&#8221; make_fullwidth=&#8221;off&#8221; use_custom_width=&#8221;off&#8221; width_unit=&#8221;on&#8221;][et_pb_column type=&#8221;4_4&#8243; _builder_version=&#8221;3.25&#8243; custom_padding=&#8221;|||&#8221; custom_padding__hover=&#8221;|||&#8221;][et_pb_text _builder_version=&#8221;4.4.1&#8243; hover_enabled=&#8221;0&#8243;]<\/p>\n<h2 style=\"text-align: center;\">M\u00fczik<\/h2>\n<p>&nbsp;<\/p>\n<p>Merhaba, bu sayfadan yapmakta oldu\u011fum m\u00fczikleri payla\u015f\u0131yorum. Bu m\u00fczikleri son bir ka\u00e7 senedir kaydettim ve YouTube&#8217;da payla\u015ft\u0131m. Haftada birka\u00e7 saatten fazla \u00e7almad\u0131m \u00e7ok uzun y\u0131llard\u0131r. Giderek netle\u015fen niyetim, hayat\u0131n bizimle bir olan zekas\u0131na giderek daha derin eri\u015ferek m\u00fczik yapmak. M\u00fcziklerde bir \u00e7ok hata olacakt\u0131r ama as\u0131l niyet do\u011fa\u00e7lama yapmak ve sevgiyi tecr\u00fcbemize daha fazla getirmek. Sevgiyle kal\u0131n.<\/p>\n<p><a href=\"https:\/\/www.youtube.com\/playlist?list=PLVVYmYiQJ2v-PGeDY0UsJqJYq-4qpJTIp\">Bu videolar\u0131 dilerseniz YouTube kanal\u0131mda da izleyebilirsiniz.<\/a><\/p>\n<p>[\/et_pb_text][\/et_pb_column][\/et_pb_row][\/et_pb_section][et_pb_section fb_built=&#8221;1&#8243; _builder_version=&#8221;4.4.1&#8243;][et_pb_row _builder_version=&#8221;4.4.1&#8243;][et_pb_column type=&#8221;4_4&#8243; _builder_version=&#8221;4.4.1&#8243;][et_pb_blog posts_number=&#8221;1&#8243; include_categories=&#8221;4&#8243; show_content=&#8221;on&#8221; show_author=&#8221;off&#8221; show_date=&#8221;off&#8221; show_categories=&#8221;off&#8221; show_pagination=&#8221;off&#8221; disabled_on=&#8221;off|off|off&#8221; _builder_version=&#8221;4.4.1&#8243; hover_enabled=&#8221;0&#8243; use_border_color=&#8221;off&#8221; border_color=&#8221;#ffffff&#8221; border_style=&#8221;solid&#8221; use_dropshadow=&#8221;off&#8221;][\/et_pb_blog][\/et_pb_column][\/et_pb_row][\/et_pb_section]<\/p>\n","protected":false},"excerpt":{"rendered":"<p>M\u00fczik &nbsp; Merhaba, bu sayfadan yapmakta oldu\u011fum m\u00fczikleri payla\u015f\u0131yorum. Bu m\u00fczikleri son bir ka\u00e7 senedir kaydettim ve YouTube&#8217;da payla\u015ft\u0131m. Haftada birka\u00e7 saatten fazla \u00e7almad\u0131m \u00e7ok uzun y\u0131llard\u0131r. Giderek netle\u015fen niyetim, hayat\u0131n bizimle bir olan zekas\u0131na giderek daha derin eri\u015ferek m\u00fczik yapmak. M\u00fcziklerde bir \u00e7ok hata olacakt\u0131r ama as\u0131l niyet do\u011fa\u00e7lama yapmak ve sevgiyi tecr\u00fcbemize daha [&hellip;]<\/p>\n","protected":false},"author":1,"featured_media":0,"parent":0,"menu_order":0,"comment_status":"closed","ping_status":"closed","template":"","meta":{"_acf_changed":false,"_et_pb_use_builder":"on","_et_pb_old_content":"","_et_gb_content_width":"","footnotes":""},"class_list":["post-58905","page","type-page","status-publish","hentry"],"acf":[],"jetpack-related-posts":[{"id":58927,"url":"https:\/\/erdalbora.com\/tr\/yazilar\/makaleler\/","url_meta":{"origin":58905,"position":0},"title":"Makaleler","author":"Erdal Bora","date":"25 Mart 2020","format":false,"excerpt":"","rel":"","context":"Benzer yaz\u0131","block_context":{"text":"Benzer yaz\u0131","link":""},"img":{"alt_text":"","src":"","width":0,"height":0},"classes":[]},{"id":58930,"url":"https:\/\/erdalbora.com\/tr\/yazilar\/blog-yazilari\/","url_meta":{"origin":58905,"position":1},"title":"Blog Yaz\u0131lar\u0131","author":"Erdal Bora","date":"25 Mart 2020","format":false,"excerpt":"","rel":"","context":"Benzer yaz\u0131","block_context":{"text":"Benzer yaz\u0131","link":""},"img":{"alt_text":"","src":"","width":0,"height":0},"classes":[]},{"id":58934,"url":"https:\/\/erdalbora.com\/tr\/yazilar\/sorucevap\/","url_meta":{"origin":58905,"position":2},"title":"Soru&#038;Cevap","author":"Erdal Bora","date":"25 Mart 2020","format":false,"excerpt":"","rel":"","context":"Benzer yaz\u0131","block_context":{"text":"Benzer yaz\u0131","link":""},"img":{"alt_text":"","src":"","width":0,"height":0},"classes":[]},{"id":3240,"url":"https:\/\/erdalbora.com\/tr\/yazilar\/","url_meta":{"origin":58905,"position":3},"title":"Yaz\u0131lar","author":"Erdal Bora","date":"11 \u015eubat 2017","format":false,"excerpt":"","rel":"","context":"Benzer yaz\u0131","block_context":{"text":"Benzer yaz\u0131","link":""},"img":{"alt_text":"","src":"https:\/\/i0.wp.com\/erdalbora.com\/tr\/wp-content\/uploads\/sites\/3\/2020\/03\/ebfavicon.png?resize=350%2C200&ssl=1","width":350,"height":200},"classes":[]},{"id":3057,"url":"https:\/\/erdalbora.com\/tr\/","url_meta":{"origin":58905,"position":4},"title":"Ana Sayfa","author":"Erdal Bora","date":"28 Ocak 2017","format":false,"excerpt":"","rel":"","context":"Benzer yaz\u0131","block_context":{"text":"Benzer yaz\u0131","link":""},"img":{"alt_text":"","src":"","width":0,"height":0},"classes":[]},{"id":58921,"url":"https:\/\/erdalbora.com\/tr\/neden-telif-hakki-koruma-ve-kullanim-sartlari\/","url_meta":{"origin":58905,"position":5},"title":"Neden Telif Hakk\u0131 Koruma? ve Kullan\u0131m \u015eartlar\u0131","author":"Erdal Bora","date":"25 Mart 2020","format":false,"excerpt":"","rel":"","context":"Benzer yaz\u0131","block_context":{"text":"Benzer yaz\u0131","link":""},"img":{"alt_text":"","src":"","width":0,"height":0},"classes":[]}],"jetpack_sharing_enabled":true,"_links":{"self":[{"href":"https:\/\/erdalbora.com\/tr\/wp-json\/wp\/v2\/pages\/58905","targetHints":{"allow":["GET"]}}],"collection":[{"href":"https:\/\/erdalbora.com\/tr\/wp-json\/wp\/v2\/pages"}],"about":[{"href":"https:\/\/erdalbora.com\/tr\/wp-json\/wp\/v2\/types\/page"}],"author":[{"embeddable":true,"href":"https:\/\/erdalbora.com\/tr\/wp-json\/wp\/v2\/users\/1"}],"replies":[{"embeddable":true,"href":"https:\/\/erdalbora.com\/tr\/wp-json\/wp\/v2\/comments?post=58905"}],"version-history":[{"count":12,"href":"https:\/\/erdalbora.com\/tr\/wp-json\/wp\/v2\/pages\/58905\/revisions"}],"predecessor-version":[{"id":59478,"href":"https:\/\/erdalbora.com\/tr\/wp-json\/wp\/v2\/pages\/58905\/revisions\/59478"}],"wp:attachment":[{"href":"https:\/\/erdalbora.com\/tr\/wp-json\/wp\/v2\/media?parent=58905"}],"curies":[{"name":"wp","href":"https:\/\/api.w.org\/{rel}","templated":true}]}}