{"id":58909,"date":"2020-03-25T17:38:54","date_gmt":"2020-03-25T14:38:54","guid":{"rendered":"https:\/\/erdalbora.com\/tr\/?page_id=58909"},"modified":"2020-03-30T12:49:41","modified_gmt":"2020-03-30T09:49:41","slug":"faydali-bulduklarim","status":"publish","type":"page","link":"https:\/\/erdalbora.com\/tr\/faydali-bulduklarim\/","title":{"rendered":"Faydal\u0131 Bulduklar\u0131m"},"content":{"rendered":"<p>[et_pb_section fb_built=&#8221;1&#8243; _builder_version=&#8221;4.0.6&#8243; background_color=&#8221;#f7f7f7&#8243;][et_pb_row _builder_version=&#8221;3.25&#8243; background_size=&#8221;initial&#8221; background_position=&#8221;top_left&#8221; background_repeat=&#8221;repeat&#8221;][et_pb_column type=&#8221;4_4&#8243; _builder_version=&#8221;3.25&#8243; custom_padding=&#8221;|||&#8221; custom_padding__hover=&#8221;|||&#8221;][et_pb_text _builder_version=&#8221;4.4.1&#8243; _dynamic_attributes=&#8221;content&#8221; text_orientation=&#8221;center&#8221;]@ET-DC@eyJkeW5hbWljIjp0cnVlLCJjb250ZW50IjoicG9zdF90aXRsZSIsInNldHRpbmdzIjp7ImJlZm9yZSI6IjxoMj4iLCJhZnRlciI6IiAoWWFwXHUwMTMxbSBBXHUwMTVmYW1hc1x1MDEzMW5kYSkgPC9oMj4ifX0=@[\/et_pb_text][et_pb_text _builder_version=&#8221;3.29.3&#8243; background_size=&#8221;initial&#8221; background_position=&#8221;top_left&#8221; background_repeat=&#8221;repeat&#8221;]<!-- divi:paragraph --><\/p>\n<p>Bu sayfada y\u0131llar i\u00e7inde faydaland\u0131\u011f\u0131m ve de\u011ferli buldu\u011fum kitaplar\/yaz\u0131lar\/web siteleri, \u00fcr\u00fcnler ve hizmetlerin bir listesini payla\u015f\u0131yorum. Bu listedeki kalemlerden her biri ger\u00e7ekten de\u011fer verdi\u011fim tecr\u00fcbeleri olu\u015fturmakta bana destek verdi. Listedekilere t\u0131klay\u0131p haklar\u0131nda yazd\u0131klar\u0131m\u0131 ve ula\u015fabilece\u011finiz bir ba\u011flant\u0131y\u0131 bulabilirsiniz. Bu sayfa \u015fu anda yap\u0131m a\u015famas\u0131nda ve listeye ekler yapmaya devam edece\u011fim.\u00a0<\/p>\n<p><!-- \/divi:paragraph -->[\/et_pb_text][\/et_pb_column][\/et_pb_row][et_pb_row _builder_version=&#8221;3.29.3&#8243;][et_pb_column type=&#8221;4_4&#8243; _builder_version=&#8221;3.29.3&#8243;][et_pb_blog posts_number=&#8221;300&#8243; include_categories=&#8221;5&#8243; excerpt_length=&#8221;350&#8243; show_more=&#8221;on&#8221; show_author=&#8221;off&#8221; show_date=&#8221;off&#8221; show_categories=&#8221;off&#8221; show_pagination=&#8221;off&#8221; admin_label=&#8221;Blog&#8221; module_class=&#8221;image-on-the-left&#8221; _builder_version=&#8221;4.4.1&#8243; header_text_color=&#8221;#0c71c3&#8243; hover_enabled=&#8221;0&#8243; border_style_all_fullwidth=&#8221;dotted&#8221; border_radii_image_tablet=&#8221;&#8221; border_radii_image_phone=&#8221;&#8221; border_radii_image_last_edited=&#8221;on|desktop&#8221; border_radii_image__hover_enabled=&#8221;on|desktop&#8221; disabled_on=&#8221;on|on|on&#8221; disabled=&#8221;on&#8221;][\/et_pb_blog][\/et_pb_column][\/et_pb_row][\/et_pb_section]<\/p>\n","protected":false},"excerpt":{"rendered":"<p>Bu sayfada y\u0131llar i\u00e7inde faydaland\u0131\u011f\u0131m ve de\u011ferli buldu\u011fum kitaplar\/yaz\u0131lar\/web siteleri, \u00fcr\u00fcnler ve hizmetlerin bir listesini payla\u015f\u0131yorum. Bu listedeki kalemlerden her biri ger\u00e7ekten de\u011fer verdi\u011fim tecr\u00fcbeleri olu\u015fturmakta bana destek verdi. Listedekilere t\u0131klay\u0131p haklar\u0131nda yazd\u0131klar\u0131m\u0131 ve ula\u015fabilece\u011finiz bir ba\u011flant\u0131y\u0131 bulabilirsiniz. Bu sayfa \u015fu anda yap\u0131m a\u015famas\u0131nda ve listeye ekler yapmaya devam edece\u011fim.\u00a0<\/p>\n","protected":false},"author":1,"featured_media":0,"parent":0,"menu_order":0,"comment_status":"closed","ping_status":"closed","template":"","meta":{"_acf_changed":false,"_et_pb_use_builder":"on","_et_pb_old_content":"","_et_gb_content_width":"","footnotes":""},"class_list":["post-58909","page","type-page","status-publish","hentry"],"acf":[],"jetpack-related-posts":[{"id":3240,"url":"https:\/\/erdalbora.com\/tr\/yazilar\/","url_meta":{"origin":58909,"position":0},"title":"Yaz\u0131lar","author":"Erdal Bora","date":"11 \u015eubat 2017","format":false,"excerpt":"","rel":"","context":"Benzer yaz\u0131","block_context":{"text":"Benzer yaz\u0131","link":""},"img":{"alt_text":"","src":"https:\/\/i0.wp.com\/erdalbora.com\/tr\/wp-content\/uploads\/sites\/3\/2020\/03\/ebfavicon.png?resize=350%2C200&ssl=1","width":350,"height":200},"classes":[]},{"id":58927,"url":"https:\/\/erdalbora.com\/tr\/yazilar\/makaleler\/","url_meta":{"origin":58909,"position":1},"title":"Makaleler","author":"Erdal Bora","date":"25 Mart 2020","format":false,"excerpt":"","rel":"","context":"Benzer yaz\u0131","block_context":{"text":"Benzer yaz\u0131","link":""},"img":{"alt_text":"","src":"","width":0,"height":0},"classes":[]},{"id":58930,"url":"https:\/\/erdalbora.com\/tr\/yazilar\/blog-yazilari\/","url_meta":{"origin":58909,"position":2},"title":"Blog Yaz\u0131lar\u0131","author":"Erdal Bora","date":"25 Mart 2020","format":false,"excerpt":"","rel":"","context":"Benzer yaz\u0131","block_context":{"text":"Benzer yaz\u0131","link":""},"img":{"alt_text":"","src":"","width":0,"height":0},"classes":[]},{"id":58934,"url":"https:\/\/erdalbora.com\/tr\/yazilar\/sorucevap\/","url_meta":{"origin":58909,"position":3},"title":"Soru&#038;Cevap","author":"Erdal Bora","date":"25 Mart 2020","format":false,"excerpt":"","rel":"","context":"Benzer yaz\u0131","block_context":{"text":"Benzer yaz\u0131","link":""},"img":{"alt_text":"","src":"","width":0,"height":0},"classes":[]}],"jetpack_sharing_enabled":true,"_links":{"self":[{"href":"https:\/\/erdalbora.com\/tr\/wp-json\/wp\/v2\/pages\/58909","targetHints":{"allow":["GET"]}}],"collection":[{"href":"https:\/\/erdalbora.com\/tr\/wp-json\/wp\/v2\/pages"}],"about":[{"href":"https:\/\/erdalbora.com\/tr\/wp-json\/wp\/v2\/types\/page"}],"author":[{"embeddable":true,"href":"https:\/\/erdalbora.com\/tr\/wp-json\/wp\/v2\/users\/1"}],"replies":[{"embeddable":true,"href":"https:\/\/erdalbora.com\/tr\/wp-json\/wp\/v2\/comments?post=58909"}],"version-history":[{"count":5,"href":"https:\/\/erdalbora.com\/tr\/wp-json\/wp\/v2\/pages\/58909\/revisions"}],"predecessor-version":[{"id":59416,"href":"https:\/\/erdalbora.com\/tr\/wp-json\/wp\/v2\/pages\/58909\/revisions\/59416"}],"wp:attachment":[{"href":"https:\/\/erdalbora.com\/tr\/wp-json\/wp\/v2\/media?parent=58909"}],"curies":[{"name":"wp","href":"https:\/\/api.w.org\/{rel}","templated":true}]}}