{"id":58913,"date":"2020-03-25T17:40:04","date_gmt":"2020-03-25T14:40:04","guid":{"rendered":"https:\/\/erdalbora.com\/tr\/?page_id=58913"},"modified":"2020-03-29T20:53:03","modified_gmt":"2020-03-29T17:53:03","slug":"hizmetler","status":"publish","type":"page","link":"https:\/\/erdalbora.com\/tr\/hizmetler\/","title":{"rendered":"Hizmetler"},"content":{"rendered":"<p>[et_pb_section fb_built=&#8221;1&#8243; admin_label=&#8221;section&#8221; _builder_version=&#8221;3.22&#8243;][et_pb_row admin_label=&#8221;row&#8221; _builder_version=&#8221;3.25&#8243; background_size=&#8221;initial&#8221; background_position=&#8221;top_left&#8221; background_repeat=&#8221;repeat&#8221;][et_pb_column type=&#8221;4_4&#8243; _builder_version=&#8221;3.25&#8243; custom_padding=&#8221;|||&#8221; custom_padding__hover=&#8221;|||&#8221;][et_pb_text _builder_version=&#8221;3.29.3&#8243; _dynamic_attributes=&#8221;content&#8221; text_orientation=&#8221;center&#8221;]@ET-DC@eyJkeW5hbWljIjp0cnVlLCJjb250ZW50IjoicG9zdF90aXRsZSIsInNldHRpbmdzIjp7ImJlZm9yZSI6IjxoMj4iLCJhZnRlciI6IjwvaDI+In19@[\/et_pb_text][et_pb_text admin_label=&#8221;Text&#8221; _builder_version=&#8221;4.4.1&#8243; background_size=&#8221;initial&#8221; background_position=&#8221;top_left&#8221; background_repeat=&#8221;repeat&#8221; hover_enabled=&#8221;0&#8243; use_border_color=&#8221;off&#8221; border_color=&#8221;#ffffff&#8221; border_style=&#8221;solid&#8221;]<\/p>\n<p><a href=\"https:\/\/erdalbora.com\/tr\/yasam-danismanligi\">Ya\u015fam Dan\u0131\u015fmanl\u0131\u011f\u0131 Sayfam\u0131 bu ba\u011flant\u0131dan<\/a> ziyaret edebilirsiniz.\u00a0<\/p>\n<p>[\/et_pb_text][\/et_pb_column][\/et_pb_row][\/et_pb_section]<\/p>\n","protected":false},"excerpt":{"rendered":"<p>Ya\u015fam Dan\u0131\u015fmanl\u0131\u011f\u0131 Sayfam\u0131 bu ba\u011flant\u0131dan ziyaret edebilirsiniz.\u00a0<\/p>\n","protected":false},"author":1,"featured_media":0,"parent":0,"menu_order":0,"comment_status":"closed","ping_status":"closed","template":"","meta":{"_acf_changed":false,"_et_pb_use_builder":"on","_et_pb_old_content":"","_et_gb_content_width":"","footnotes":""},"class_list":["post-58913","page","type-page","status-publish","hentry"],"acf":[],"jetpack-related-posts":[{"id":58927,"url":"https:\/\/erdalbora.com\/tr\/yazilar\/makaleler\/","url_meta":{"origin":58913,"position":0},"title":"Makaleler","author":"Erdal Bora","date":"25 Mart 2020","format":false,"excerpt":"","rel":"","context":"Benzer yaz\u0131","block_context":{"text":"Benzer yaz\u0131","link":""},"img":{"alt_text":"","src":"","width":0,"height":0},"classes":[]},{"id":58930,"url":"https:\/\/erdalbora.com\/tr\/yazilar\/blog-yazilari\/","url_meta":{"origin":58913,"position":1},"title":"Blog Yaz\u0131lar\u0131","author":"Erdal Bora","date":"25 Mart 2020","format":false,"excerpt":"","rel":"","context":"Benzer yaz\u0131","block_context":{"text":"Benzer yaz\u0131","link":""},"img":{"alt_text":"","src":"","width":0,"height":0},"classes":[]},{"id":58934,"url":"https:\/\/erdalbora.com\/tr\/yazilar\/sorucevap\/","url_meta":{"origin":58913,"position":2},"title":"Soru&#038;Cevap","author":"Erdal Bora","date":"25 Mart 2020","format":false,"excerpt":"","rel":"","context":"Benzer yaz\u0131","block_context":{"text":"Benzer yaz\u0131","link":""},"img":{"alt_text":"","src":"","width":0,"height":0},"classes":[]},{"id":3240,"url":"https:\/\/erdalbora.com\/tr\/yazilar\/","url_meta":{"origin":58913,"position":3},"title":"Yaz\u0131lar","author":"Erdal Bora","date":"11 \u015eubat 2017","format":false,"excerpt":"","rel":"","context":"Benzer yaz\u0131","block_context":{"text":"Benzer yaz\u0131","link":""},"img":{"alt_text":"","src":"https:\/\/i0.wp.com\/erdalbora.com\/tr\/wp-content\/uploads\/sites\/3\/2020\/03\/ebfavicon.png?resize=350%2C200&ssl=1","width":350,"height":200},"classes":[]}],"jetpack_sharing_enabled":true,"_links":{"self":[{"href":"https:\/\/erdalbora.com\/tr\/wp-json\/wp\/v2\/pages\/58913","targetHints":{"allow":["GET"]}}],"collection":[{"href":"https:\/\/erdalbora.com\/tr\/wp-json\/wp\/v2\/pages"}],"about":[{"href":"https:\/\/erdalbora.com\/tr\/wp-json\/wp\/v2\/types\/page"}],"author":[{"embeddable":true,"href":"https:\/\/erdalbora.com\/tr\/wp-json\/wp\/v2\/users\/1"}],"replies":[{"embeddable":true,"href":"https:\/\/erdalbora.com\/tr\/wp-json\/wp\/v2\/comments?post=58913"}],"version-history":[{"count":5,"href":"https:\/\/erdalbora.com\/tr\/wp-json\/wp\/v2\/pages\/58913\/revisions"}],"predecessor-version":[{"id":59298,"href":"https:\/\/erdalbora.com\/tr\/wp-json\/wp\/v2\/pages\/58913\/revisions\/59298"}],"wp:attachment":[{"href":"https:\/\/erdalbora.com\/tr\/wp-json\/wp\/v2\/media?parent=58913"}],"curies":[{"name":"wp","href":"https:\/\/api.w.org\/{rel}","templated":true}]}}