{"id":58917,"date":"2020-03-25T17:43:04","date_gmt":"2020-03-25T14:43:04","guid":{"rendered":"https:\/\/erdalbora.com\/tr\/?page_id=58917"},"modified":"2020-03-30T12:58:20","modified_gmt":"2020-03-30T09:58:20","slug":"yasam-danismanligi","status":"publish","type":"page","link":"https:\/\/erdalbora.com\/tr\/hizmetler\/yasam-danismanligi\/","title":{"rendered":"Ya\u015fam Dan\u0131\u015fmanl\u0131\u011f\u0131"},"content":{"rendered":"<p>[et_pb_section fb_built=&#8221;1&#8243; admin_label=&#8221;section&#8221; _builder_version=&#8221;4.0.6&#8243; background_color=&#8221;#f7f7f7&#8243;][et_pb_row admin_label=&#8221;row&#8221; _builder_version=&#8221;3.25&#8243; background_size=&#8221;initial&#8221; background_position=&#8221;top_left&#8221; background_repeat=&#8221;repeat&#8221;][et_pb_column type=&#8221;4_4&#8243; _builder_version=&#8221;3.25&#8243; custom_padding=&#8221;|||&#8221; custom_padding__hover=&#8221;|||&#8221;][et_pb_text admin_label=&#8221;Metin&#8221; _builder_version=&#8221;4.4.1&#8243;]<\/p>\n<h2 style=\"text-align: center;\">Ya\u015fam Dan\u0131\u015fmanl\u0131\u011f\u0131 [Yap\u0131m A\u015famas\u0131nda]<\/h2>\n<p>[\/et_pb_text][et_pb_text _builder_version=&#8221;3.27.4&#8243; background_size=&#8221;initial&#8221; background_position=&#8221;top_left&#8221; background_repeat=&#8221;repeat&#8221; use_border_color=&#8221;off&#8221; border_color=&#8221;#ffffff&#8221; border_style=&#8221;solid&#8221; disabled_on=&#8221;on|on|on&#8221; disabled=&#8221;on&#8221;]<\/p>\n<p><strong>Last updated (1 March 2020)<\/strong><span style=\"font-size: 14px;\"><\/span><\/p>\n<p><span style=\"font-size: 14px;\">Hello,<\/span><\/p>\n<p>Welcome to my Life Coaching Services page. From here you can learn about my life coaching approach, and contact me to schedule life coaching sessions.<\/p>\n<p>I see my life story as something I have inherited from the world, my family and society and something that I have been awakening within to my true self. The search for truth and learning to create happiness in this world for myself and others have been a very big aspect of my life. For the last decade, I have been working deeper on this, starting from personal development related material, visiting many areas such as psychology, philosophy, religion, spirituality, history, media.<\/p>\n<p>This desire in me to fulfill more and more of our true potential has been the driving factor behind this. Peace, happiness, and walking with a genuine trust in this world are priceless gifts that I have been discovering more and more, through sincere effort, but also quite a lot of messing around and bumping into blocks and challenges destined to be overcome with the right intention and effort.<\/p>\n<p>I had the chance to examine the works of and work with excellent people, such as Morty Lefkoe, Lincoln Gergar, and benefited from the works of countless others including Brian Tracy, Tony Robbins, Steve Pavlina, Eckart Tolle, Osho, Krishnamurti, Yogananda, Ramana Maharshi, Adyashanti, Akahi&amp;Camila.<\/p>\n<p>I have been supporting the personal\/spiritual development of a number of people at irregular times throughout my life, and as I grow more mature, I have been feeling I can help more people personally and this definitely feels like one of the developing aspects of my life.<\/p>\n<p>I have been sharing writings to support others in their personal and spiritual development for several years, and <a href=\"https:\/\/erdalbora.com\/en\/writings\/\" target=\"_blank\" rel=\"noopener noreferrer\">they are accessible here within this website<\/a>. These writings cover my own journey of personal growth and contain an evolving wisdom that others can benefit for their own growth.<\/p>\n<p>My coaching approach has been evolving over time. Currently, my goals for a coaching client would be to support them to advance\u00a0to their next step, help them create breakthroughs through awareness and self discovery. The &#8216;next step&#8217; will wildly vary over from person to person but a dynamic coaching approach that is based on a relatively developed understanding of deeper truths about Love, Wisdom and Power, can facilitate the necessary support. Countless systems are available in this world, and more are the numbers\u00a0of people in their uniqueness; so for me, doing what works at the moment and cultivating and employing an innate sense for this is the most important. To be able to do this, certain principles behind creation must be understood, and when they are sufficiently understood, one becomes also established to an adequate degree in this required innate sense to successfully coach.<\/p>\n<p>Having said this, learning never stops for me and I have also my &#8216;next steps&#8217;. Life is infinitely deep and expansive. I will\u00a0be honored to support you in your journey and it will be a joy for me to see you discovering more of your innate power to create your life.<\/p>\n<p>At this time, I provide written coaching\u00a0and sessions over Skype as my coaching service. As of now, my coaching service is free with no strings attached. I do\u00a0 appreciate donations, but they are not required\u00a0(See note below on donations). I maintain the right to choose when I am available for this kind of service, but it is my wish to support as many people as I can, for as long as I can. I do have my own down times as well, my own deeper challenges in life where I work more on myself. But I feel support is support, perfectionism is not the goal or the approach here, what is most important is to move forward into deeper self discovery, more happiness, peace.. or whatever you truly desire to create as your &#8216;next step&#8217;.<\/p>\n<p>Typically, in written coaching, I\u00a0will read your inquiry, ask you questions if necessary and answer your questions and\/or provide guidance and directions to informational material to educate yourself as necessary. In Skype sessions which can be around 30 mins. to 2 hours, and which are more effective in my opinion to establish communication in multiple levels, I will do the same. I also have provided audio recordings for the Skype sessions to people I coached so that they can revisit the experience to gain more understanding in the future.<\/p>\n<p><strong>Note on donations:<\/strong>\u00a0Currently, I haven&#8217;t setup the donation system in this site until I learn about the legal requirements and decide to start receiving donations. For now, you can consider the session you have booked and will receive 100 percent free. This may change in the future (for future sessions) and I will update this page if it changes.\u00a0You can check at a future date if you wish to donate.\u00a0<\/p>\n<p><strong>More blog posts on life coaching:\u00a0<\/strong><a href=\"https:\/\/erdalbora.com\/en\/tag\/life-coaching\/\" target=\"_blank\" rel=\"noopener noreferrer\">https:\/\/erdalbora.com\/en\/tag\/life-coaching\/<\/a><\/p>\n<p>To contact me for life coaching services\/to schedule a life coaching session, please use the contact form below:<\/p>\n<p>&nbsp;<\/p>\n<p>[\/et_pb_text][et_pb_text _builder_version=&#8221;4.4.1&#8243;]<\/p>\n\n<div class=\"wpcf7 no-js\" id=\"wpcf7-f59401-o1\" lang=\"tr-TR\" dir=\"ltr\" data-wpcf7-id=\"59401\">\n<div class=\"screen-reader-response\"><p role=\"status\" aria-live=\"polite\" aria-atomic=\"true\"><\/p> <ul><\/ul><\/div>\n<form action=\"\/tr\/wp-json\/wp\/v2\/pages\/58917#wpcf7-f59401-o1\" method=\"post\" class=\"wpcf7-form init\" aria-label=\"\u0130leti\u015fim Formu\" novalidate=\"novalidate\" data-status=\"init\">\n<fieldset class=\"hidden-fields-container\"><input type=\"hidden\" name=\"_wpcf7\" value=\"59401\" \/><input type=\"hidden\" name=\"_wpcf7_version\" value=\"6.1.3\" \/><input type=\"hidden\" name=\"_wpcf7_locale\" value=\"tr_TR\" \/><input type=\"hidden\" name=\"_wpcf7_unit_tag\" value=\"wpcf7-f59401-o1\" \/><input type=\"hidden\" name=\"_wpcf7_container_post\" value=\"0\" \/><input type=\"hidden\" name=\"_wpcf7_posted_data_hash\" value=\"\" \/>\n<\/fieldset>\n<p><label> Ad Soyad (zorunlu)<br \/>\n<span class=\"wpcf7-form-control-wrap\" data-name=\"your-name\"><input size=\"40\" maxlength=\"400\" class=\"wpcf7-form-control wpcf7-text wpcf7-validates-as-required\" aria-required=\"true\" aria-invalid=\"false\" value=\"\" type=\"text\" name=\"your-name\" \/><\/span> <\/label>\n<\/p>\n<p><label> E-mail (zorunlu)<br \/>\n<span class=\"wpcf7-form-control-wrap\" data-name=\"your-email\"><input size=\"40\" maxlength=\"400\" class=\"wpcf7-form-control wpcf7-email wpcf7-validates-as-required wpcf7-text wpcf7-validates-as-email\" aria-required=\"true\" aria-invalid=\"false\" value=\"\" type=\"email\" name=\"your-email\" \/><\/span> <\/label>\n<\/p>\n<p><label> Konu<br \/>\n<span class=\"wpcf7-form-control-wrap\" data-name=\"your-subject\"><input size=\"40\" maxlength=\"400\" class=\"wpcf7-form-control wpcf7-text\" aria-invalid=\"false\" value=\"\" type=\"text\" name=\"your-subject\" \/><\/span> <\/label>\n<\/p>\n<p><span id=\"wpcf7-69e16fa52bde4-wrapper\" class=\"wpcf7-form-control-wrap additional-explanation-wrap\" style=\"display:none !important; visibility:hidden !important;\"><label for=\"additional-explanation\" class=\"hp-message\">Please leave this field empty.<\/label><input id=\"additional-explanation\"  class=\"wpcf7-form-control wpcf7-text\" type=\"text\" name=\"additional-explanation\" value=\"\" size=\"40\" tabindex=\"-1\" autocomplete=\"new-password\" \/><\/span>\n<\/p>\n<p><label> Mesaj<br \/>\n<span class=\"wpcf7-form-control-wrap\" data-name=\"your-message\"><textarea cols=\"40\" rows=\"10\" maxlength=\"2000\" class=\"wpcf7-form-control wpcf7-textarea\" aria-invalid=\"false\" name=\"your-message\"><\/textarea><\/span> <\/label>\n<\/p>\n<p><input class=\"wpcf7-form-control wpcf7-submit has-spinner\" type=\"submit\" value=\"G\u00f6nder\" \/>\n<\/p><p style=\"display: none !important;\" class=\"akismet-fields-container\" data-prefix=\"_wpcf7_ak_\"><label>&#916;<textarea name=\"_wpcf7_ak_hp_textarea\" cols=\"45\" rows=\"8\" maxlength=\"100\"><\/textarea><\/label><input type=\"hidden\" id=\"ak_js_1\" name=\"_wpcf7_ak_js\" value=\"227\"\/><script>document.getElementById( \"ak_js_1\" ).setAttribute( \"value\", ( new Date() ).getTime() );<\/script><\/p><div class=\"wpcf7-response-output\" aria-hidden=\"true\"><\/div>\n<\/form>\n<\/div>\n\n<p>[\/et_pb_text][\/et_pb_column][\/et_pb_row][et_pb_row _builder_version=&#8221;4.0.3&#8243;][et_pb_column type=&#8221;4_4&#8243; _builder_version=&#8221;4.0.3&#8243;][et_pb_text _builder_version=&#8221;4.4.1&#8243; hover_enabled=&#8221;0&#8243; disabled_on=&#8221;on|on|on&#8221; disabled=&#8221;on&#8221;]<\/p>\n<p>Bu site reCAPTCHA ile korunuyor ve Google&#8217;\u0131n <a href=\"https:\/\/policies.google.com\/privacy\">Privacy Policy<\/a> ve\u00a0<a href=\"https:\/\/policies.google.com\/terms\">Terms of Service<\/a> \u015fartlar\u0131 ge\u00e7erlidir.<\/p>\n<p>[\/et_pb_text][\/et_pb_column][\/et_pb_row][\/et_pb_section]<\/p>\n","protected":false},"excerpt":{"rendered":"<p>Ya\u015fam Dan\u0131\u015fmanl\u0131\u011f\u0131 [Yap\u0131m A\u015famas\u0131nda]Last updated (1 March 2020) Hello, Welcome to my Life Coaching Services page. From here you can learn about my life coaching approach, and contact me to schedule life coaching sessions. I see my life story as something I have inherited from the world, my family and society and something that I [&hellip;]<\/p>\n","protected":false},"author":1,"featured_media":0,"parent":58913,"menu_order":0,"comment_status":"closed","ping_status":"closed","template":"","meta":{"_acf_changed":false,"_et_pb_use_builder":"on","_et_pb_old_content":"","_et_gb_content_width":"","footnotes":""},"class_list":["post-58917","page","type-page","status-publish","hentry"],"acf":[],"jetpack-related-posts":[{"id":58927,"url":"https:\/\/erdalbora.com\/tr\/yazilar\/makaleler\/","url_meta":{"origin":58917,"position":0},"title":"Makaleler","author":"Erdal Bora","date":"25 Mart 2020","format":false,"excerpt":"","rel":"","context":"Benzer yaz\u0131","block_context":{"text":"Benzer yaz\u0131","link":""},"img":{"alt_text":"","src":"","width":0,"height":0},"classes":[]},{"id":58930,"url":"https:\/\/erdalbora.com\/tr\/yazilar\/blog-yazilari\/","url_meta":{"origin":58917,"position":1},"title":"Blog Yaz\u0131lar\u0131","author":"Erdal Bora","date":"25 Mart 2020","format":false,"excerpt":"","rel":"","context":"Benzer yaz\u0131","block_context":{"text":"Benzer yaz\u0131","link":""},"img":{"alt_text":"","src":"","width":0,"height":0},"classes":[]},{"id":58934,"url":"https:\/\/erdalbora.com\/tr\/yazilar\/sorucevap\/","url_meta":{"origin":58917,"position":2},"title":"Soru&#038;Cevap","author":"Erdal Bora","date":"25 Mart 2020","format":false,"excerpt":"","rel":"","context":"Benzer yaz\u0131","block_context":{"text":"Benzer yaz\u0131","link":""},"img":{"alt_text":"","src":"","width":0,"height":0},"classes":[]},{"id":3240,"url":"https:\/\/erdalbora.com\/tr\/yazilar\/","url_meta":{"origin":58917,"position":3},"title":"Yaz\u0131lar","author":"Erdal Bora","date":"11 \u015eubat 2017","format":false,"excerpt":"","rel":"","context":"Benzer yaz\u0131","block_context":{"text":"Benzer yaz\u0131","link":""},"img":{"alt_text":"","src":"https:\/\/i0.wp.com\/erdalbora.com\/tr\/wp-content\/uploads\/sites\/3\/2020\/03\/ebfavicon.png?resize=350%2C200&ssl=1","width":350,"height":200},"classes":[]},{"id":58892,"url":"https:\/\/erdalbora.com\/tr\/hakkinda\/","url_meta":{"origin":58917,"position":4},"title":"Hakk\u0131nda","author":"Erdal Bora","date":"25 Mart 2020","format":false,"excerpt":"","rel":"","context":"Benzer yaz\u0131","block_context":{"text":"Benzer yaz\u0131","link":""},"img":{"alt_text":"","src":"","width":0,"height":0},"classes":[]},{"id":58913,"url":"https:\/\/erdalbora.com\/tr\/hizmetler\/","url_meta":{"origin":58917,"position":5},"title":"Hizmetler","author":"Erdal Bora","date":"25 Mart 2020","format":false,"excerpt":"","rel":"","context":"Benzer yaz\u0131","block_context":{"text":"Benzer yaz\u0131","link":""},"img":{"alt_text":"","src":"","width":0,"height":0},"classes":[]}],"jetpack_sharing_enabled":true,"_links":{"self":[{"href":"https:\/\/erdalbora.com\/tr\/wp-json\/wp\/v2\/pages\/58917","targetHints":{"allow":["GET"]}}],"collection":[{"href":"https:\/\/erdalbora.com\/tr\/wp-json\/wp\/v2\/pages"}],"about":[{"href":"https:\/\/erdalbora.com\/tr\/wp-json\/wp\/v2\/types\/page"}],"author":[{"embeddable":true,"href":"https:\/\/erdalbora.com\/tr\/wp-json\/wp\/v2\/users\/1"}],"replies":[{"embeddable":true,"href":"https:\/\/erdalbora.com\/tr\/wp-json\/wp\/v2\/comments?post=58917"}],"version-history":[{"count":7,"href":"https:\/\/erdalbora.com\/tr\/wp-json\/wp\/v2\/pages\/58917\/revisions"}],"predecessor-version":[{"id":59427,"href":"https:\/\/erdalbora.com\/tr\/wp-json\/wp\/v2\/pages\/58917\/revisions\/59427"}],"up":[{"embeddable":true,"href":"https:\/\/erdalbora.com\/tr\/wp-json\/wp\/v2\/pages\/58913"}],"wp:attachment":[{"href":"https:\/\/erdalbora.com\/tr\/wp-json\/wp\/v2\/media?parent=58917"}],"curies":[{"name":"wp","href":"https:\/\/api.w.org\/{rel}","templated":true}]}}