{"id":58921,"date":"2020-03-25T23:19:17","date_gmt":"2020-03-25T20:19:17","guid":{"rendered":"https:\/\/erdalbora.com\/tr\/?page_id=58921"},"modified":"2020-03-29T11:42:11","modified_gmt":"2020-03-29T08:42:11","slug":"neden-telif-hakki-koruma-ve-kullanim-sartlari","status":"publish","type":"page","link":"https:\/\/erdalbora.com\/tr\/neden-telif-hakki-koruma-ve-kullanim-sartlari\/","title":{"rendered":"Neden Telif Hakk\u0131 Koruma? ve Kullan\u0131m \u015eartlar\u0131"},"content":{"rendered":"<p>[et_pb_section fb_built=&#8221;1&#8243; _builder_version=&#8221;4.4.1&#8243;][et_pb_row _builder_version=&#8221;4.4.1&#8243;][et_pb_column type=&#8221;4_4&#8243; _builder_version=&#8221;4.4.1&#8243;][et_pb_text _builder_version=&#8221;4.4.1&#8243;]<\/p>\n<h2 style=\"text-align: center;\">Why Copyright? and Copyright Terms<\/h2>\n<p>&nbsp;<\/p>\n<p>Bu sitenin amac\u0131, uyan\u0131\u015f\u0131n\u0131z\u0131 ve ruhsal ayd\u0131nlanman\u0131z\u0131 desteklemektir. Bunun i\u00e7in, i\u00e7erikleri olu\u015ftururken anlay\u0131\u015f\u0131m\u0131 ifade ediyorum ve kalbimi olabildi\u011fince a\u00e7maya \u00e7al\u0131\u015f\u0131yorum. Bu sitenin amac\u0131n\u0131n insanlar\u0131n \u00f6\u011frenmesi oldu\u011funu, ama kopyalamas\u0131 olmad\u0131\u011f\u0131n\u0131 hissediyorum. Ben de hayat\u0131m boyunca ba\u015fkalar\u0131ndan \u00f6\u011frendim, ve bu sitede de \u00f6\u011frendi\u011fim kaynaklara, onlar\u0131 buraya kopyalamak yerine \u00e7ok say\u0131da referans verdim. Bu \u015fekilde, bu kaynaklar\u0131 seyreltmemi\u015f oluyorum, ve insanlar do\u011frudan kayna\u011f\u0131na gidip onlardan \u00f6\u011frenebilirler. Kayna\u011fa gitmek \u00f6nemlidir, \u00e7\u00fcnk\u00fc kaynak tecr\u00fcbe ile yarat\u0131lm\u0131\u015f oland\u0131r. Sitede \u00f6\u011frendi\u011fim yabanc\u0131 kaynaklardan kritik olanlardan asl\u0131na sad\u0131k kal\u0131p izinle \u00e7evirdi\u011fim bir yaz\u0131 da var. Ama, o kaynaklar\u0131 T\u00fcrk\u00e7e&#8217;ye ta\u015f\u0131man\u0131n en etkili yolunun, benzer tecr\u00fcbelere ula\u015fmak i\u00e7in odaklanmak ve kendi i\u00e7sel tecr\u00fcbelerime dayanarak payla\u015f\u0131mlar \u00fcretmek oldu\u011funu hissettim ve bu y\u00f6nde \u00e7al\u0131\u015f\u0131yorum.\u00a0 Bu \u015fekilde, faydaland\u0131\u011f\u0131m kaynaklarla da olabildi\u011fince i\u015fbirli\u011fi yapm\u0131\u015f oluyorum ve kendi tecr\u00fcbemi ve enerjimi, hayat\u0131n temel ger\u00e7eklerinin tecr\u00fcbemizde giderek daha fazla g\u00f6r\u00fcnmesi i\u00e7in hayat\u0131m\u0131za ilave etmi\u015f oluyorum.\u00a0<\/p>\n<p>Bu sebepten dolay\u0131, samimi olarak, bu sitenin kopyalanmas\u0131n\u0131 de\u011fil, ondan \u00f6\u011frenilmesini diliyorum. Kendi enerjinizi kendinize has yarat\u0131mlar\u0131n\u0131za y\u00f6nlendirirken, bu siteden kayna\u011f\u0131n\u0131 belirterek istedi\u011finiz kadar al\u0131nt\u0131 yapabilir veya kaynak g\u00f6sterebilirsiniz. Bu \u015fekilde bu site size yarat\u0131c\u0131 potansiyelinize uyanman\u0131z konusunda destek olma amac\u0131na ula\u015fm\u0131\u015f olacakt\u0131r. &#8220;Al\u0131nt\u0131lar&#8221;, veya a\u00e7\u0131k\u00e7a kaynak\/referans g\u00f6stermek, i\u00e7eri\u011fi kendinizin \u015fahsen yaratmad\u0131\u011f\u0131n\u0131z\u0131 ve\/veya i\u015faret etti\u011fi tecr\u00fcbelere hen\u00fcz tam ula\u015fmad\u0131\u011f\u0131n\u0131z\u0131 tan\u0131d\u0131\u011f\u0131n\u0131z\u0131, ayn\u0131 zamanda de\u011fer verdi\u011finiz ve anlay\u0131\u015f\u0131n\u0131za entegre etmek istedi\u011finizi g\u00f6steren bir eylem olacakt\u0131r. Bu \u015fekilde, enerjilerimizi uyan\u0131\u015f\u0131m\u0131z i\u00e7in i\u015fbirli\u011fi yapacak \u015fekilde kullanm\u0131\u015f oluruz, ve ba\u015fkalar\u0131n\u0131n da ayn\u0131 \u015fekilde yapabilmesine, kendi anlay\u0131\u015flar\u0131n\u0131 geli\u015ftirmesine destek olmu\u015f oluruz.\u00a0\u00a0<\/p>\n<p>E\u011fer site i\u00e7eriklerini, ger\u00e7ek de\u011feri ile ilgili bir fark\u0131ndal\u0131\u011f\u0131 ya\u015famadan, tecr\u00fcbe edinmeden kopyalay\u0131p kendiniz yaratm\u0131\u015f gibi payla\u015f\u0131rsan\u0131z, kopyalam\u0131\u015f oldu\u011funuz yaz\u0131lar\u0131n, kullan\u0131lan kelimelerin de\u011ferini onu g\u00f6renlerin g\u00f6z\u00fcnde d\u00fc\u015f\u00fcrm\u00fc\u015f\/seyreltmi\u015f olursunuz.\u00a0<\/p>\n<p>\u00d6zet olarak, l\u00fctfen enerjinizi bu sitenin i\u00e7erik boyutunu kaynak g\u00f6sterip payla\u015fmak ve\/veya \u00e7al\u0131\u015fmalar\u0131n\u0131za entegre etmek hari\u00e7 salt kopyalamak i\u00e7in harcamay\u0131n; enerjinizi l\u00fctfen kendi ruhsal geli\u015fiminize ve anlay\u0131\u015f\u0131n\u0131z\u0131 geli\u015ftirmeye harcay\u0131n ki b\u00f6ylece d\u00fcnyaya en fazla faydan\u0131z dokunabilsin. <strong>Bu i\u00e7eri\u011fin arkas\u0131ndaki enerji ve fikirler zaten i\u00e7inizde mevcut,\u00a0<\/strong>bunun do\u011frulu\u011funu ke\u015ffedin, anlay\u0131n ve \u00f6zg\u00fcrce kullan\u0131n, bu telif hakk\u0131 koruma mesaj\u0131 kesinlikle bunu s\u0131n\u0131rlamak i\u00e7in de\u011fil, aksine bunu te\u015fvik etmek i\u00e7in. Bu i\u00e7erik asl\u0131nda sizin i\u00e7in, bizim i\u00e7in.\u00a0<\/p>\n<p>[\/et_pb_text][\/et_pb_column][\/et_pb_row][\/et_pb_section]<\/p>\n","protected":false},"excerpt":{"rendered":"<p>Why Copyright? and Copyright Terms &nbsp; Bu sitenin amac\u0131, uyan\u0131\u015f\u0131n\u0131z\u0131 ve ruhsal ayd\u0131nlanman\u0131z\u0131 desteklemektir. Bunun i\u00e7in, i\u00e7erikleri olu\u015ftururken anlay\u0131\u015f\u0131m\u0131 ifade ediyorum ve kalbimi olabildi\u011fince a\u00e7maya \u00e7al\u0131\u015f\u0131yorum. Bu sitenin amac\u0131n\u0131n insanlar\u0131n \u00f6\u011frenmesi oldu\u011funu, ama kopyalamas\u0131 olmad\u0131\u011f\u0131n\u0131 hissediyorum. Ben de hayat\u0131m boyunca ba\u015fkalar\u0131ndan \u00f6\u011frendim, ve bu sitede de \u00f6\u011frendi\u011fim kaynaklara, onlar\u0131 buraya kopyalamak yerine \u00e7ok say\u0131da referans [&hellip;]<\/p>\n","protected":false},"author":1,"featured_media":0,"parent":0,"menu_order":0,"comment_status":"closed","ping_status":"closed","template":"","meta":{"_acf_changed":false,"_et_pb_use_builder":"on","_et_pb_old_content":"","_et_gb_content_width":"","footnotes":""},"class_list":["post-58921","page","type-page","status-publish","hentry"],"acf":[],"jetpack-related-posts":[{"id":58927,"url":"https:\/\/erdalbora.com\/tr\/yazilar\/makaleler\/","url_meta":{"origin":58921,"position":0},"title":"Makaleler","author":"Erdal Bora","date":"25 Mart 2020","format":false,"excerpt":"","rel":"","context":"Benzer yaz\u0131","block_context":{"text":"Benzer yaz\u0131","link":""},"img":{"alt_text":"","src":"","width":0,"height":0},"classes":[]},{"id":58930,"url":"https:\/\/erdalbora.com\/tr\/yazilar\/blog-yazilari\/","url_meta":{"origin":58921,"position":1},"title":"Blog Yaz\u0131lar\u0131","author":"Erdal Bora","date":"25 Mart 2020","format":false,"excerpt":"","rel":"","context":"Benzer yaz\u0131","block_context":{"text":"Benzer yaz\u0131","link":""},"img":{"alt_text":"","src":"","width":0,"height":0},"classes":[]},{"id":58934,"url":"https:\/\/erdalbora.com\/tr\/yazilar\/sorucevap\/","url_meta":{"origin":58921,"position":2},"title":"Soru&#038;Cevap","author":"Erdal Bora","date":"25 Mart 2020","format":false,"excerpt":"","rel":"","context":"Benzer yaz\u0131","block_context":{"text":"Benzer yaz\u0131","link":""},"img":{"alt_text":"","src":"","width":0,"height":0},"classes":[]},{"id":3240,"url":"https:\/\/erdalbora.com\/tr\/yazilar\/","url_meta":{"origin":58921,"position":3},"title":"Yaz\u0131lar","author":"Erdal Bora","date":"11 \u015eubat 2017","format":false,"excerpt":"","rel":"","context":"Benzer yaz\u0131","block_context":{"text":"Benzer yaz\u0131","link":""},"img":{"alt_text":"","src":"https:\/\/i0.wp.com\/erdalbora.com\/tr\/wp-content\/uploads\/sites\/3\/2020\/03\/ebfavicon.png?resize=350%2C200&ssl=1","width":350,"height":200},"classes":[]},{"id":3057,"url":"https:\/\/erdalbora.com\/tr\/","url_meta":{"origin":58921,"position":4},"title":"Ana Sayfa","author":"Erdal Bora","date":"28 Ocak 2017","format":false,"excerpt":"","rel":"","context":"Benzer yaz\u0131","block_context":{"text":"Benzer yaz\u0131","link":""},"img":{"alt_text":"","src":"","width":0,"height":0},"classes":[]},{"id":58909,"url":"https:\/\/erdalbora.com\/tr\/faydali-bulduklarim\/","url_meta":{"origin":58921,"position":5},"title":"Faydal\u0131 Bulduklar\u0131m","author":"Erdal Bora","date":"25 Mart 2020","format":false,"excerpt":"","rel":"","context":"Benzer yaz\u0131","block_context":{"text":"Benzer yaz\u0131","link":""},"img":{"alt_text":"","src":"","width":0,"height":0},"classes":[]}],"jetpack_sharing_enabled":true,"_links":{"self":[{"href":"https:\/\/erdalbora.com\/tr\/wp-json\/wp\/v2\/pages\/58921","targetHints":{"allow":["GET"]}}],"collection":[{"href":"https:\/\/erdalbora.com\/tr\/wp-json\/wp\/v2\/pages"}],"about":[{"href":"https:\/\/erdalbora.com\/tr\/wp-json\/wp\/v2\/types\/page"}],"author":[{"embeddable":true,"href":"https:\/\/erdalbora.com\/tr\/wp-json\/wp\/v2\/users\/1"}],"replies":[{"embeddable":true,"href":"https:\/\/erdalbora.com\/tr\/wp-json\/wp\/v2\/comments?post=58921"}],"version-history":[{"count":5,"href":"https:\/\/erdalbora.com\/tr\/wp-json\/wp\/v2\/pages\/58921\/revisions"}],"predecessor-version":[{"id":59003,"href":"https:\/\/erdalbora.com\/tr\/wp-json\/wp\/v2\/pages\/58921\/revisions\/59003"}],"wp:attachment":[{"href":"https:\/\/erdalbora.com\/tr\/wp-json\/wp\/v2\/media?parent=58921"}],"curies":[{"name":"wp","href":"https:\/\/api.w.org\/{rel}","templated":true}]}}