{"id":58930,"date":"2020-03-25T23:24:15","date_gmt":"2020-03-25T20:24:15","guid":{"rendered":"https:\/\/erdalbora.com\/tr\/?page_id=58930"},"modified":"2020-03-29T15:33:08","modified_gmt":"2020-03-29T12:33:08","slug":"blog-yazilari","status":"publish","type":"page","link":"https:\/\/erdalbora.com\/tr\/yazilar\/blog-yazilari\/","title":{"rendered":"Blog Yaz\u0131lar\u0131"},"content":{"rendered":"<p>[et_pb_section fb_built=&#8221;1&#8243; specialty=&#8221;on&#8221; _builder_version=&#8221;4.0.6&#8243; background_color=&#8221;#f7f7f7&#8243;][et_pb_column type=&#8221;1_4&#8243; _builder_version=&#8221;3.25&#8243; custom_padding=&#8221;|||&#8221; custom_padding__hover=&#8221;|||&#8221;][et_pb_sidebar area=&#8221;sidebar-1&#8243; disabled_on=&#8221;on|on|off&#8221; _builder_version=&#8221;3.0.74&#8243; remove_border=&#8221;off&#8221;][\/et_pb_sidebar][\/et_pb_column][et_pb_column type=&#8221;3_4&#8243; specialty_columns=&#8221;3&#8243; _builder_version=&#8221;3.25&#8243; custom_padding=&#8221;|||&#8221; custom_padding__hover=&#8221;|||&#8221;][et_pb_row_inner column_structure=&#8221;undefined&#8221; admin_label=&#8221;Row&#8221; _builder_version=&#8221;3.25&#8243;][et_pb_column_inner type=&#8221;undefined&#8221; saved_specialty_column_type=&#8221;3_4&#8243; _builder_version=&#8221;3.25&#8243; custom_padding=&#8221;|||&#8221; custom_padding__hover=&#8221;|||&#8221;][et_pb_text _builder_version=&#8221;4.4.1&#8243; background_size=&#8221;initial&#8221; background_position=&#8221;top_left&#8221; background_repeat=&#8221;repeat&#8221; text_orientation=&#8221;center&#8221; module_alignment=&#8221;center&#8221; hover_enabled=&#8221;0&#8243; use_border_color=&#8221;off&#8221; border_color=&#8221;#ffffff&#8221; border_style=&#8221;solid&#8221;]<\/p>\n<h2>Blog Yaz\u0131lar\u0131 (Hayat Hikayeme Daha Fazla Odaklanan Yaz\u0131lar)<\/h2>\n<p>[\/et_pb_text][et_pb_blog fullwidth=&#8221;off&#8221; posts_number=&#8221;50&#8243; include_categories=&#8221;2&#8243; show_thumbnail=&#8221;off&#8221; show_author=&#8221;off&#8221; show_categories=&#8221;off&#8221; show_excerpt=&#8221;off&#8221; module_class=&#8221;equal_blog_cells&#8221; _builder_version=&#8221;4.4.1&#8243; header_text_color=&#8221;#0c71c3&#8243; hover_enabled=&#8221;0&#8243; z_index_tablet=&#8221;500&#8243; header_text_shadow_horizontal_length_tablet=&#8221;0px&#8221; header_text_shadow_vertical_length_tablet=&#8221;0px&#8221; header_text_shadow_blur_strength_tablet=&#8221;1px&#8221; body_text_shadow_horizontal_length_tablet=&#8221;0px&#8221; body_text_shadow_vertical_length_tablet=&#8221;0px&#8221; body_text_shadow_blur_strength_tablet=&#8221;1px&#8221; meta_text_shadow_horizontal_length_tablet=&#8221;0px&#8221; meta_text_shadow_vertical_length_tablet=&#8221;0px&#8221; meta_text_shadow_blur_strength_tablet=&#8221;1px&#8221; read_more_text_shadow_horizontal_length_tablet=&#8221;0px&#8221; read_more_text_shadow_vertical_length_tablet=&#8221;0px&#8221; read_more_text_shadow_blur_strength_tablet=&#8221;1px&#8221; pagination_text_shadow_horizontal_length_tablet=&#8221;0px&#8221; pagination_text_shadow_vertical_length_tablet=&#8221;0px&#8221; pagination_text_shadow_blur_strength_tablet=&#8221;1px&#8221; body_link_text_shadow_horizontal_length_tablet=&#8221;0px&#8221; body_link_text_shadow_vertical_length_tablet=&#8221;0px&#8221; body_link_text_shadow_blur_strength_tablet=&#8221;1px&#8221; body_ul_text_shadow_horizontal_length_tablet=&#8221;0px&#8221; body_ul_text_shadow_vertical_length_tablet=&#8221;0px&#8221; body_ul_text_shadow_blur_strength_tablet=&#8221;1px&#8221; body_ol_text_shadow_horizontal_length_tablet=&#8221;0px&#8221; body_ol_text_shadow_vertical_length_tablet=&#8221;0px&#8221; body_ol_text_shadow_blur_strength_tablet=&#8221;1px&#8221; body_quote_text_shadow_horizontal_length_tablet=&#8221;0px&#8221; body_quote_text_shadow_vertical_length_tablet=&#8221;0px&#8221; body_quote_text_shadow_blur_strength_tablet=&#8221;1px&#8221; box_shadow_horizontal_tablet=&#8221;0px&#8221; box_shadow_vertical_tablet=&#8221;0px&#8221; box_shadow_blur_tablet=&#8221;40px&#8221; box_shadow_spread_tablet=&#8221;0px&#8221; box_shadow_horizontal_image_tablet=&#8221;0px&#8221; box_shadow_vertical_image_tablet=&#8221;0px&#8221; box_shadow_blur_image_tablet=&#8221;40px&#8221; box_shadow_spread_image_tablet=&#8221;0px&#8221; text_shadow_horizontal_length_tablet=&#8221;0px&#8221; text_shadow_vertical_length_tablet=&#8221;0px&#8221; text_shadow_blur_strength_tablet=&#8221;1px&#8221; use_border_color=&#8221;off&#8221; border_color=&#8221;#ffffff&#8221; border_style=&#8221;solid&#8221; use_dropshadow=&#8221;off&#8221;][\/et_pb_blog][et_pb_sidebar area=&#8221;sidebar-1&#8243; disabled_on=&#8221;off|off|on&#8221; _builder_version=&#8221;3.0.74&#8243; remove_border=&#8221;off&#8221;][\/et_pb_sidebar][\/et_pb_column_inner][\/et_pb_row_inner][\/et_pb_column][\/et_pb_section]<\/p>\n","protected":false},"excerpt":{"rendered":"<p>Blog Yaz\u0131lar\u0131 (Hayat Hikayeme Daha Fazla Odaklanan Yaz\u0131lar)<\/p>\n","protected":false},"author":1,"featured_media":0,"parent":3240,"menu_order":0,"comment_status":"closed","ping_status":"closed","template":"","meta":{"_acf_changed":false,"_et_pb_use_builder":"on","_et_pb_old_content":"","_et_gb_content_width":"","footnotes":""},"class_list":["post-58930","page","type-page","status-publish","hentry"],"acf":[],"jetpack-related-posts":[{"id":58927,"url":"https:\/\/erdalbora.com\/tr\/yazilar\/makaleler\/","url_meta":{"origin":58930,"position":0},"title":"Makaleler","author":"Erdal Bora","date":"25 Mart 2020","format":false,"excerpt":"","rel":"","context":"Benzer yaz\u0131","block_context":{"text":"Benzer yaz\u0131","link":""},"img":{"alt_text":"","src":"","width":0,"height":0},"classes":[]},{"id":58934,"url":"https:\/\/erdalbora.com\/tr\/yazilar\/sorucevap\/","url_meta":{"origin":58930,"position":1},"title":"Soru&#038;Cevap","author":"Erdal Bora","date":"25 Mart 2020","format":false,"excerpt":"","rel":"","context":"Benzer yaz\u0131","block_context":{"text":"Benzer yaz\u0131","link":""},"img":{"alt_text":"","src":"","width":0,"height":0},"classes":[]},{"id":3240,"url":"https:\/\/erdalbora.com\/tr\/yazilar\/","url_meta":{"origin":58930,"position":2},"title":"Yaz\u0131lar","author":"Erdal Bora","date":"11 \u015eubat 2017","format":false,"excerpt":"","rel":"","context":"Benzer yaz\u0131","block_context":{"text":"Benzer yaz\u0131","link":""},"img":{"alt_text":"","src":"https:\/\/i0.wp.com\/erdalbora.com\/tr\/wp-content\/uploads\/sites\/3\/2020\/03\/ebfavicon.png?resize=350%2C200&ssl=1","width":350,"height":200},"classes":[]},{"id":58892,"url":"https:\/\/erdalbora.com\/tr\/hakkinda\/","url_meta":{"origin":58930,"position":3},"title":"Hakk\u0131nda","author":"Erdal Bora","date":"25 Mart 2020","format":false,"excerpt":"","rel":"","context":"Benzer yaz\u0131","block_context":{"text":"Benzer yaz\u0131","link":""},"img":{"alt_text":"","src":"","width":0,"height":0},"classes":[]},{"id":58917,"url":"https:\/\/erdalbora.com\/tr\/hizmetler\/yasam-danismanligi\/","url_meta":{"origin":58930,"position":4},"title":"Ya\u015fam Dan\u0131\u015fmanl\u0131\u011f\u0131","author":"Erdal Bora","date":"25 Mart 2020","format":false,"excerpt":"","rel":"","context":"Benzer yaz\u0131","block_context":{"text":"Benzer yaz\u0131","link":""},"img":{"alt_text":"","src":"","width":0,"height":0},"classes":[]}],"jetpack_sharing_enabled":true,"_links":{"self":[{"href":"https:\/\/erdalbora.com\/tr\/wp-json\/wp\/v2\/pages\/58930","targetHints":{"allow":["GET"]}}],"collection":[{"href":"https:\/\/erdalbora.com\/tr\/wp-json\/wp\/v2\/pages"}],"about":[{"href":"https:\/\/erdalbora.com\/tr\/wp-json\/wp\/v2\/types\/page"}],"author":[{"embeddable":true,"href":"https:\/\/erdalbora.com\/tr\/wp-json\/wp\/v2\/users\/1"}],"replies":[{"embeddable":true,"href":"https:\/\/erdalbora.com\/tr\/wp-json\/wp\/v2\/comments?post=58930"}],"version-history":[{"count":4,"href":"https:\/\/erdalbora.com\/tr\/wp-json\/wp\/v2\/pages\/58930\/revisions"}],"predecessor-version":[{"id":59087,"href":"https:\/\/erdalbora.com\/tr\/wp-json\/wp\/v2\/pages\/58930\/revisions\/59087"}],"up":[{"embeddable":true,"href":"https:\/\/erdalbora.com\/tr\/wp-json\/wp\/v2\/pages\/3240"}],"wp:attachment":[{"href":"https:\/\/erdalbora.com\/tr\/wp-json\/wp\/v2\/media?parent=58930"}],"curies":[{"name":"wp","href":"https:\/\/api.w.org\/{rel}","templated":true}]}}