{"id":58934,"date":"2020-03-25T23:26:16","date_gmt":"2020-03-25T20:26:16","guid":{"rendered":"https:\/\/erdalbora.com\/tr\/?page_id=58934"},"modified":"2020-03-31T09:38:38","modified_gmt":"2020-03-31T06:38:38","slug":"sorucevap","status":"publish","type":"page","link":"https:\/\/erdalbora.com\/tr\/yazilar\/sorucevap\/","title":{"rendered":"Soru&#038;Cevap"},"content":{"rendered":"<p>[et_pb_section fb_built=&#8221;1&#8243; specialty=&#8221;on&#8221; _builder_version=&#8221;4.0.6&#8243; background_color=&#8221;#f7f7f7&#8243;][et_pb_column type=&#8221;1_4&#8243; _builder_version=&#8221;3.25&#8243; custom_padding=&#8221;|||&#8221; custom_padding__hover=&#8221;|||&#8221;][et_pb_sidebar area=&#8221;sidebar-1&#8243; disabled_on=&#8221;on|on|off&#8221; _builder_version=&#8221;3.0.78&#8243; remove_border=&#8221;off&#8221;][\/et_pb_sidebar][\/et_pb_column][et_pb_column type=&#8221;3_4&#8243; specialty_columns=&#8221;3&#8243; _builder_version=&#8221;3.25&#8243; custom_padding=&#8221;|||&#8221; custom_padding__hover=&#8221;|||&#8221;][et_pb_row_inner column_structure=&#8221;undefined&#8221; admin_label=&#8221;Row&#8221; _builder_version=&#8221;3.25&#8243;][et_pb_column_inner type=&#8221;undefined&#8221; saved_specialty_column_type=&#8221;3_4&#8243; _builder_version=&#8221;3.25&#8243; custom_padding=&#8221;|||&#8221; custom_padding__hover=&#8221;|||&#8221;][et_pb_text _builder_version=&#8221;4.4.1&#8243; border_style=&#8221;solid&#8221;]<\/p>\n<h2 style=\"text-align: center;\">Soru&amp;Cevap<\/h2>\n<p>&nbsp;<\/p>\n<p>Bu sayfada, zaman i\u00e7inde bana sorulmu\u015f olan ya da Quora&#8217;da cevaplamay\u0131 se\u00e7ti\u011fim sorulara verdi\u011fim cevaplardan se\u00e7tiklerimi\/T\u00fcrk\u00e7e&#8217;ye \u00e7evirdiklerimi payla\u015f\u0131yorum.<\/p>\n<p>Sol taraftaki men\u00fcy\u00fc kullanarak <a href=\"#bottomsidebar\">(ta\u015f\u0131nabilir cihazlarda en a\u015fa\u011f\u0131da)<\/a> ilginizi \u00e7eken konulardaki soru&amp;cevaplar\u0131 h\u0131zl\u0131ca bulabilirsiniz. G\u00fcncel sorulara verilmi\u015f bu cevaplardan kendi geli\u015fim\/uyan\u0131\u015f yolculu\u011funuzda faydalanman\u0131z\u0131 dilerim. Hay\u0131rl\u0131 olsun.\u00a0<\/p>\n<p>[\/et_pb_text][et_pb_blog fullwidth=&#8221;off&#8221; posts_number=&#8221;30&#8243; include_categories=&#8221;139&#8243; show_thumbnail=&#8221;off&#8221; show_author=&#8221;off&#8221; show_categories=&#8221;off&#8221; show_excerpt=&#8221;off&#8221; module_class=&#8221;equal_blog_cells&#8221; _builder_version=&#8221;4.4.1&#8243; header_text_color=&#8221;#0c71c3&#8243; hover_enabled=&#8221;0&#8243; pagination_font_size_tablet=&#8221;51&#8243; pagination_line_height_tablet=&#8221;2&#8243; z_index_tablet=&#8221;500&#8243; header_text_shadow_horizontal_length_tablet=&#8221;0px&#8221; header_text_shadow_vertical_length_tablet=&#8221;0px&#8221; header_text_shadow_blur_strength_tablet=&#8221;1px&#8221; body_text_shadow_horizontal_length_tablet=&#8221;0px&#8221; body_text_shadow_vertical_length_tablet=&#8221;0px&#8221; body_text_shadow_blur_strength_tablet=&#8221;1px&#8221; meta_text_shadow_horizontal_length_tablet=&#8221;0px&#8221; meta_text_shadow_vertical_length_tablet=&#8221;0px&#8221; meta_text_shadow_blur_strength_tablet=&#8221;1px&#8221; read_more_text_shadow_horizontal_length_tablet=&#8221;0px&#8221; read_more_text_shadow_vertical_length_tablet=&#8221;0px&#8221; read_more_text_shadow_blur_strength_tablet=&#8221;1px&#8221; pagination_text_shadow_horizontal_length_tablet=&#8221;0px&#8221; pagination_text_shadow_vertical_length_tablet=&#8221;0px&#8221; pagination_text_shadow_blur_strength_tablet=&#8221;1px&#8221; body_link_text_shadow_horizontal_length_tablet=&#8221;0px&#8221; body_link_text_shadow_vertical_length_tablet=&#8221;0px&#8221; body_link_text_shadow_blur_strength_tablet=&#8221;1px&#8221; body_ul_text_shadow_horizontal_length_tablet=&#8221;0px&#8221; body_ul_text_shadow_vertical_length_tablet=&#8221;0px&#8221; body_ul_text_shadow_blur_strength_tablet=&#8221;1px&#8221; body_ol_text_shadow_horizontal_length_tablet=&#8221;0px&#8221; body_ol_text_shadow_vertical_length_tablet=&#8221;0px&#8221; body_ol_text_shadow_blur_strength_tablet=&#8221;1px&#8221; body_quote_text_shadow_horizontal_length_tablet=&#8221;0px&#8221; body_quote_text_shadow_vertical_length_tablet=&#8221;0px&#8221; body_quote_text_shadow_blur_strength_tablet=&#8221;1px&#8221; box_shadow_horizontal_tablet=&#8221;0px&#8221; box_shadow_vertical_tablet=&#8221;0px&#8221; box_shadow_blur_tablet=&#8221;40px&#8221; box_shadow_spread_tablet=&#8221;0px&#8221; box_shadow_horizontal_image_tablet=&#8221;0px&#8221; box_shadow_vertical_image_tablet=&#8221;0px&#8221; box_shadow_blur_image_tablet=&#8221;40px&#8221; box_shadow_spread_image_tablet=&#8221;0px&#8221; text_shadow_horizontal_length_tablet=&#8221;0px&#8221; text_shadow_vertical_length_tablet=&#8221;0px&#8221; text_shadow_blur_strength_tablet=&#8221;1px&#8221; border_style=&#8221;solid&#8221; use_dropshadow=&#8221;off&#8221;][\/et_pb_blog][et_pb_sidebar area=&#8221;sidebar-1&#8243; disabled_on=&#8221;off|off|on&#8221; module_id=&#8221;bottomsidebar&#8221; _builder_version=&#8221;4.0.3&#8243; remove_border=&#8221;off&#8221;][\/et_pb_sidebar][\/et_pb_column_inner][\/et_pb_row_inner][\/et_pb_column][\/et_pb_section]<\/p>\n","protected":false},"excerpt":{"rendered":"<p>Soru&amp;Cevap &nbsp; Bu sayfada, zaman i\u00e7inde bana sorulmu\u015f olan ya da Quora&#8217;da cevaplamay\u0131 se\u00e7ti\u011fim sorulara verdi\u011fim cevaplardan se\u00e7tiklerimi\/T\u00fcrk\u00e7e&#8217;ye \u00e7evirdiklerimi payla\u015f\u0131yorum. Sol taraftaki men\u00fcy\u00fc kullanarak (ta\u015f\u0131nabilir cihazlarda en a\u015fa\u011f\u0131da) ilginizi \u00e7eken konulardaki soru&amp;cevaplar\u0131 h\u0131zl\u0131ca bulabilirsiniz. G\u00fcncel sorulara verilmi\u015f bu cevaplardan kendi geli\u015fim\/uyan\u0131\u015f yolculu\u011funuzda faydalanman\u0131z\u0131 dilerim. Hay\u0131rl\u0131 olsun.\u00a0<\/p>\n","protected":false},"author":1,"featured_media":0,"parent":3240,"menu_order":0,"comment_status":"closed","ping_status":"closed","template":"","meta":{"_acf_changed":false,"_et_pb_use_builder":"on","_et_pb_old_content":"","_et_gb_content_width":"","footnotes":""},"class_list":["post-58934","page","type-page","status-publish","hentry"],"acf":[],"jetpack-related-posts":[{"id":58927,"url":"https:\/\/erdalbora.com\/tr\/yazilar\/makaleler\/","url_meta":{"origin":58934,"position":0},"title":"Makaleler","author":"Erdal Bora","date":"25 Mart 2020","format":false,"excerpt":"","rel":"","context":"Benzer yaz\u0131","block_context":{"text":"Benzer yaz\u0131","link":""},"img":{"alt_text":"","src":"","width":0,"height":0},"classes":[]},{"id":58930,"url":"https:\/\/erdalbora.com\/tr\/yazilar\/blog-yazilari\/","url_meta":{"origin":58934,"position":1},"title":"Blog Yaz\u0131lar\u0131","author":"Erdal Bora","date":"25 Mart 2020","format":false,"excerpt":"","rel":"","context":"Benzer yaz\u0131","block_context":{"text":"Benzer yaz\u0131","link":""},"img":{"alt_text":"","src":"","width":0,"height":0},"classes":[]},{"id":3240,"url":"https:\/\/erdalbora.com\/tr\/yazilar\/","url_meta":{"origin":58934,"position":2},"title":"Yaz\u0131lar","author":"Erdal Bora","date":"11 \u015eubat 2017","format":false,"excerpt":"","rel":"","context":"Benzer yaz\u0131","block_context":{"text":"Benzer yaz\u0131","link":""},"img":{"alt_text":"","src":"https:\/\/i0.wp.com\/erdalbora.com\/tr\/wp-content\/uploads\/sites\/3\/2020\/03\/ebfavicon.png?resize=350%2C200&ssl=1","width":350,"height":200},"classes":[]},{"id":3057,"url":"https:\/\/erdalbora.com\/tr\/","url_meta":{"origin":58934,"position":3},"title":"Ana Sayfa","author":"Erdal Bora","date":"28 Ocak 2017","format":false,"excerpt":"","rel":"","context":"Benzer yaz\u0131","block_context":{"text":"Benzer yaz\u0131","link":""},"img":{"alt_text":"","src":"","width":0,"height":0},"classes":[]},{"id":58917,"url":"https:\/\/erdalbora.com\/tr\/hizmetler\/yasam-danismanligi\/","url_meta":{"origin":58934,"position":4},"title":"Ya\u015fam Dan\u0131\u015fmanl\u0131\u011f\u0131","author":"Erdal Bora","date":"25 Mart 2020","format":false,"excerpt":"","rel":"","context":"Benzer yaz\u0131","block_context":{"text":"Benzer yaz\u0131","link":""},"img":{"alt_text":"","src":"","width":0,"height":0},"classes":[]}],"jetpack_sharing_enabled":true,"_links":{"self":[{"href":"https:\/\/erdalbora.com\/tr\/wp-json\/wp\/v2\/pages\/58934","targetHints":{"allow":["GET"]}}],"collection":[{"href":"https:\/\/erdalbora.com\/tr\/wp-json\/wp\/v2\/pages"}],"about":[{"href":"https:\/\/erdalbora.com\/tr\/wp-json\/wp\/v2\/types\/page"}],"author":[{"embeddable":true,"href":"https:\/\/erdalbora.com\/tr\/wp-json\/wp\/v2\/users\/1"}],"replies":[{"embeddable":true,"href":"https:\/\/erdalbora.com\/tr\/wp-json\/wp\/v2\/comments?post=58934"}],"version-history":[{"count":6,"href":"https:\/\/erdalbora.com\/tr\/wp-json\/wp\/v2\/pages\/58934\/revisions"}],"predecessor-version":[{"id":59444,"href":"https:\/\/erdalbora.com\/tr\/wp-json\/wp\/v2\/pages\/58934\/revisions\/59444"}],"up":[{"embeddable":true,"href":"https:\/\/erdalbora.com\/tr\/wp-json\/wp\/v2\/pages\/3240"}],"wp:attachment":[{"href":"https:\/\/erdalbora.com\/tr\/wp-json\/wp\/v2\/media?parent=58934"}],"curies":[{"name":"wp","href":"https:\/\/api.w.org\/{rel}","templated":true}]}}